{"id":200,"date":"2022-08-17T17:09:17","date_gmt":"2022-08-17T17:09:17","guid":{"rendered":"https:\/\/ain.hr\/?page_id=200"},"modified":"2025-07-01T11:36:24","modified_gmt":"2025-07-01T11:36:24","slug":"upravno-vijece","status":"publish","type":"page","link":"https:\/\/ain.hr\/en\/o-nama\/upravno-vijece\/","title":{"rendered":"Upravno vije\u0107e"},"content":{"rendered":"<p>[et_pb_section fb_built=&#8221;1&#8243; _builder_version=&#8221;4.19.4&#8243; _module_preset=&#8221;default&#8221; custom_padding=&#8221;100px||||false|false&#8221; top_divider_style=&#8221;ramp2&#8243; top_divider_color=&#8221;#0C71C3&#8243; top_divider_flip=&#8221;vertical&#8221; global_colors_info=&#8221;{}&#8221;][et_pb_row column_structure=&#8221;3_4,1_4&#8243; _builder_version=&#8221;4.19.4&#8243; _module_preset=&#8221;default&#8221; width=&#8221;95%&#8221; custom_padding=&#8221;||0px||false|false&#8221; global_colors_info=&#8221;{}&#8221;][et_pb_column type=&#8221;3_4&#8243; _builder_version=&#8221;4.19.4&#8243; _module_preset=&#8221;default&#8221; global_colors_info=&#8221;{}&#8221;][et_pb_text ul_item_indent=&#8221;35px&#8221; _builder_version=&#8221;4.27.4&#8243; _module_preset=&#8221;default&#8221; header_2_text_align=&#8221;left&#8221; text_orientation=&#8221;justified&#8221; hover_enabled=&#8221;0&#8243; text_font_size_tablet=&#8221;15px&#8221; text_font_size_phone=&#8221;14px&#8221; text_font_size_last_edited=&#8221;off|desktop&#8221; global_colors_info=&#8221;{}&#8221; sticky_enabled=&#8221;0&#8243;]<\/p>\n<h2>Upravno vije\u0107e<\/h2>\n<p>Agencijom upravlja Upravno vije\u0107e koje se sastoji od tri \u010dlana od kojih je jedan predsjednik Upravnog vije\u0107a, a jedan zamjenik predsjednika.<\/p>\n<p>\u010clanovi Upravnog vije\u0107a imenuju se nakon provedenog javnog natje\u010daja koji provodi Ministarstvo pomorstva, prometa i infrastrukture. Predsjednika, zamjenika predsjednika i \u010dlana Upravnog vije\u0107a imenuje i razrje\u0161ava Vlada Republike Hrvatske na na\u010din i pod uvjetima koji su propisani Zakonom i Statutom Agencije.<\/p>\n<p>\u010clanove Upravnog vije\u0107a imenuju se na razdoblje od \u010detiri godine, te iste osobe mogu biti ponovno imenovane.<\/p>\n<p>\u010clanovi Upravnog vije\u0107a svoju du\u017enost obna\u0161aju bez zasnivanja radnog odnosa u Agenciji.<\/p>\n<p>Upravno vije\u0107e nema izvr\u0161ne ovlasti, kao ni ovlast za nametanje mjera na koje su Zakonom i ovim Statutom ovla\u0161teni ravnatelj i glavni istra\u017eitelji Agencije.<\/p>\n<p><strong>Upravno vije\u0107e upravlja Agencijom te u okviru svog djelokruga rada obavlja sljede\u0107e poslove:<\/strong><\/p>\n<ul>\n<li>uz prethodnu suglasnost Vlade Republike hrvatske donosi Statut i druge op\u0107e akte Agencije,<\/li>\n<li>donosi godi\u0161nji program rada i razvoja Agencije te nadzire njegovo izvr\u0161avanje,<\/li>\n<li>donosi financijski plan poslovanja Agencije te nadzire njegovo izvr\u0161avanje,<\/li>\n<li>donosi zavr\u0161ni ra\u010dun Agencije,<\/li>\n<li>raspisuje natje\u010daj za izbor ravnatelja i zamjenika ravnatelja te imenuje i razrje\u0161ava ravnatelja i zamjenika ravnatelja,<\/li>\n<li>sklapa ugovor o radu s ravnateljem i zamjenikom ravnatelja,<\/li>\n<li>daje suglasnost za imenovanje i razrje\u0161enje glavnih istra\u017eitelja,<\/li>\n<li>odlu\u010duje o zadu\u017eivanju i preuzimanju obveza Agencije iznad iznosa za koji nije ovla\u0161ten ravnatelj Agencije,<\/li>\n<li>daje tuma\u010denje iz \u010dlanka 51. Statuta Agencije<\/li>\n<li>odlu\u010duje o svim pitanjima koja se odnose na upravljanje Agencijom i o drugim pitanjima utvr\u0111enim Zakonom i Statutom Agencije.<\/li>\n<\/ul>\n<p>&nbsp;<\/p>\n<p><strong>\u010clanovi Upravnog vije\u0107a Agencije za istra\u017eivanje nesre\u0107a u zra\u010dnom, pomorskom i \u017eeljezni\u010dkom prometu su:<\/strong><\/p>\n<ul>\n<li>&#8212;&#8212;-, predsjednik Upravnog vije\u0107a<\/li>\n<li>&#8212;&#8212;-, zamjenik predsjednika Upravnog vije\u0107a<\/li>\n<li>&#8212;&#8212;-, \u010dlan Upravnog vije\u0107a<\/li>\n<\/ul>\n<p>[\/et_pb_text][\/et_pb_column][et_pb_column type=&#8221;1_4&#8243; _builder_version=&#8221;4.19.4&#8243; _module_preset=&#8221;default&#8221; global_colors_info=&#8221;{}&#8221;][et_pb_sidebar orientation=&#8221;right&#8221; area=&#8221;et_pb_widget_area_3&#8243; show_border=&#8221;off&#8221; module_class=&#8221;onamaSidebarStyle&#8221; _builder_version=&#8221;4.19.4&#8243; _module_preset=&#8221;default&#8221; global_colors_info=&#8221;{}&#8221;][\/et_pb_sidebar][\/et_pb_column][\/et_pb_row][et_pb_row column_structure=&#8221;1_2,1_2&#8243; _builder_version=&#8221;4.19.4&#8243; _module_preset=&#8221;default&#8221; width=&#8221;95%&#8221; custom_css_main_element=&#8221;\/*display: flex;||flex-wrap: wrap;*\/&#8221; global_colors_info=&#8221;{}&#8221;][et_pb_column type=&#8221;1_2&#8243; _builder_version=&#8221;4.19.4&#8243; _module_preset=&#8221;default&#8221; custom_css_main_element=&#8221;display: flex;||flex-direction: column;||justify-content: center;&#8221; global_colors_info=&#8221;{}&#8221;][et_pb_text ul_item_indent=&#8221;35px&#8221; _builder_version=&#8221;4.27.4&#8243; _module_preset=&#8221;default&#8221; text_line_height=&#8221;1.8em&#8221; ul_line_height=&#8221;1.9em&#8221; global_colors_info=&#8221;{}&#8221;]<\/p>\n<h3><span>Objave sjednica Upravnog vije\u0107a:<\/span><\/h3>\n<ul>\n<li><a href=\"https:\/\/ain.hr\/wp-content\/uploads\/2022\/12\/objava_70_sjednice_upravnog_vijeca.pdf\" target=\"_blank\" rel=\"noopener\">Objava 70. sjednice Upravnog vije\u0107a<\/a><\/li>\n<li><a href=\"https:\/\/ain.hr\/wp-content\/uploads\/2022\/12\/objava_71_sjednice_upravnog_vijeca.pdf\" target=\"_blank\" rel=\"noopener\">Objava 71. sjednice Upravnog vije\u0107a<\/a><\/li>\n<li><a href=\"https:\/\/ain.hr\/wp-content\/uploads\/2022\/12\/objava_72_sjednice_upravnog_vijeca.pdf\" target=\"_blank\" rel=\"noopener\">Objava 72. sjednice Upravnog vije\u0107a<\/a><\/li>\n<li><a href=\"https:\/\/ain.hr\/wp-content\/uploads\/2022\/12\/objava_73_sjednice_upravnog_vijeca.pdf\" target=\"_blank\" rel=\"noopener\">Objava 73. sjednice Upravnog vije\u0107a<\/a><\/li>\n<li><a href=\"https:\/\/ain.hr\/wp-content\/uploads\/2022\/12\/objava_74_sjednice_upravnog_vijeca.pdf\" target=\"_blank\" rel=\"noopener\">Objava 74. sjednice Upravnog vije\u0107a<\/a><\/li>\n<li><a href=\"https:\/\/ain.hr\/wp-content\/uploads\/2022\/12\/objava_75_sjednice_upravnog_vijeca.pdf\" target=\"_blank\" rel=\"noopener\">Objava 75. sjednice Upravnog vije\u0107a<\/a><\/li>\n<li><a href=\"https:\/\/ain.hr\/wp-content\/uploads\/2022\/12\/objava_76_sjednice_upravnog_vijeca.pdf\" target=\"_blank\" rel=\"noopener\">Objava 76. sjednice Upravnog vije\u0107a<\/a><\/li>\n<li><a href=\"https:\/\/ain.hr\/wp-content\/uploads\/2022\/12\/objava_77_sjednice_upravnog_vijeca.pdf\" target=\"_blank\" rel=\"noopener\">Objava 77. sjednice Upravnog vije\u0107a<\/a><\/li>\n<li><a href=\"https:\/\/ain.hr\/wp-content\/uploads\/2022\/12\/objava_78_sjednice_upravnog_vijeca.pdf\" target=\"_blank\" rel=\"noopener\">Objava 78. sjednice Upravnog vije\u0107a<\/a><\/li>\n<li><a href=\"https:\/\/ain.hr\/wp-content\/uploads\/2022\/12\/objava_79_sjednice_upravnog_vijeca.pdf\" target=\"_blank\" rel=\"noopener\">Objava 79. sjednice Upravnog vije\u0107a<\/a><\/li>\n<li><a href=\"https:\/\/ain.hr\/wp-content\/uploads\/2022\/12\/objava_80_sjednice_upravnog_vijeca.pdf\" target=\"_blank\" rel=\"noopener\">Objava 80. sjednice Upravnog vije\u0107a<\/a><\/li>\n<li><a href=\"https:\/\/ain.hr\/wp-content\/uploads\/2023\/02\/Zapisnik_81_sjednice_UV_17102022.pdf\" target=\"_blank\" rel=\"noopener\" title=\"Objava 81. sjednice Upravnog vije\u0107a\">Objava 81. sjednice Upravnog vije\u0107a<\/a><\/li>\n<li><a href=\"https:\/\/ain.hr\/wp-content\/uploads\/2023\/02\/Zapisnik_82_sjednice_UV_05122022.pdf\" target=\"_blank\" rel=\"noopener\" title=\"Objava 82. sjednice Upravnog vije\u0107a\">Objava 82. sjednice Upravnog vije\u0107a<\/a><\/li>\n<li><a href=\"https:\/\/ain.hr\/wp-content\/uploads\/2023\/02\/Zapisnik_83_sjednice_UV_14122022.pdf\" target=\"_blank\" rel=\"noopener\" title=\"Objava 83. sjednice Upravnog vije\u0107a\">Objava 83. sjednice Upravnog vije\u0107a<\/a><\/li>\n<li><a href=\"https:\/\/ain.hr\/wp-content\/uploads\/2023\/05\/Zapisnik_UV_84_20122022_web-objava.pdf\" target=\"_blank\" rel=\"noopener\" title=\"Objava 84. sjednice Upravnog vije\u0107a\">Objava 84. sjednice Upravnog vije\u0107a<\/a><\/li>\n<li><a href=\"https:\/\/ain.hr\/wp-content\/uploads\/2023\/05\/Zapisnik_UV_85_07022023_web-objava.pdf\" target=\"_blank\" rel=\"noopener\" title=\"Objava 85. sjednice Upravnog vije\u0107a\">Objava 85. sjednice Upravnog vije\u0107a<\/a><\/li>\n<li><a href=\"https:\/\/ain.hr\/wp-content\/uploads\/2023\/05\/Zapisnik_UV_86_24022023_web-objava.pdf\" target=\"_blank\" rel=\"noopener\" title=\"Objava 86. sjednice Upravnog vije\u0107a\">Objava 86. sjednice Upravnog vije\u0107a<\/a><\/li>\n<li><a href=\"https:\/\/ain.hr\/wp-content\/uploads\/2023\/05\/Zapisnik_UV_87_14032023_web-objava.pdf\" target=\"_blank\" rel=\"noopener\" title=\"Objava 87. sjednice Upravnog vije\u0107a\">Objava 87. sjednice Upravnog vije\u0107a<\/a><\/li>\n<li><a href=\"https:\/\/ain.hr\/wp-content\/uploads\/2023\/05\/Zapisnik_UV_88_28032023_web-objava.pdf\" target=\"_blank\" rel=\"noopener\" title=\"Objava 88. sjednice Upravnog vije\u0107a\">Objava 88. sjednice Upravnog vije\u0107a<\/a><\/li>\n<li><a href=\"https:\/\/ain.hr\/wp-content\/uploads\/2023\/05\/Zapisnik_UV_89_02052023_web-objava.pdf\" target=\"_blank\" rel=\"noopener\" title=\"Objava 89. sjednice Upravnog vije\u0107a\">Objava 89. sjednice Upravnog vije\u0107a<\/a><\/li>\n<li><a href=\"https:\/\/ain.hr\/wp-content\/uploads\/2024\/03\/Zapisnik_UV_90_05052023.pdf\" target=\"_blank\" rel=\"noopener\" title=\"Objava 90. sjednice Upravnog vije\u0107a\">Objava 90. sjednice Upravnog vije\u0107a<\/a><\/li>\n<li><a href=\"https:\/\/ain.hr\/wp-content\/uploads\/2024\/03\/Zapisnik_UV_91_04072023.pdf\" target=\"_blank\" rel=\"noopener\" title=\"Objava 91. sjednice Upravnog vije\u0107a\">Objava 91. sjednice Upravnog vije\u0107a<\/a><\/li>\n<li><a href=\"https:\/\/ain.hr\/wp-content\/uploads\/2024\/03\/Zapisnik_UV_92_21082023.pdf\" target=\"_blank\" rel=\"noopener\" title=\"Objava 92. sjednice Upravnog vije\u0107a\">Objava 92. sjednice Upravnog vije\u0107a<\/a><\/li>\n<li><a href=\"https:\/\/ain.hr\/wp-content\/uploads\/2024\/03\/Zapisnik_UV_93_26092023.pdf\" target=\"_blank\" rel=\"noopener\" title=\"Objava 93. sjednice Upravnog vije\u0107a\">Objava 93. sjednice Upravnog vije\u0107a<\/a><\/li>\n<li><a href=\"https:\/\/ain.hr\/wp-content\/uploads\/2024\/03\/Zapisnik_UV_94_17102023.pdf\" target=\"_blank\" rel=\"noopener\" title=\"Objava 94. sjednice Upravnog vije\u0107a\">Objava 94. sjednice Upravnog vije\u0107a<\/a><\/li>\n<li><a href=\"https:\/\/ain.hr\/wp-content\/uploads\/2024\/03\/Zapisnik_UV_95_23112023.pdf\" target=\"_blank\" rel=\"noopener\" title=\"Objava 95. sjednice Upravnog vije\u0107a\">Objava 95. sjednice Upravnog vije\u0107a<\/a><\/li>\n<li><a href=\"https:\/\/ain.hr\/wp-content\/uploads\/2024\/03\/Zapisnik_UV_96_18122023.pdf\" target=\"_blank\" rel=\"noopener\" title=\"Objava 96. sjednice Upravnog vije\u0107a\">Objava 96. sjednice Upravnog vije\u0107a<\/a><\/li>\n<li><a href=\"https:\/\/ain.hr\/wp-content\/uploads\/2024\/08\/Zapisnik_UV_97_01022024-web.pdf\" target=\"_blank\" rel=\"noopener\" title=\"Objava 97. sjednice Upravnog vije\u0107a\">Objava 97. sjednice Upravnog vije\u0107a<\/a><\/li>\n<li><a href=\"https:\/\/ain.hr\/wp-content\/uploads\/2024\/08\/Zapisnik_UV_98_05032024-web.pdf\" target=\"_blank\" rel=\"noopener\" title=\"Objava 98. sjednice Upravnog vije\u0107a\">Objava 98. sjednice Upravnog vije\u0107a<\/a><\/li>\n<li><a href=\"https:\/\/ain.hr\/wp-content\/uploads\/2024\/08\/Zapisnik_UV_99_25032024-web.pdf\" target=\"_blank\" rel=\"noopener\" title=\"Objava 99. sjednice Upravnog vije\u0107a\">Objava 99. sjednice Upravnog vije\u0107a<\/a><\/li>\n<li><a href=\"https:\/\/ain.hr\/wp-content\/uploads\/2024\/08\/Zapisnik_UV_100_23042024-web.pdf\" target=\"_blank\" rel=\"noopener\" title=\"Objava 100. sjednice Upravnog vije\u0107a\">Objava 100. sjednice Upravnog vije\u0107a<\/a><\/li>\n<li><a href=\"https:\/\/ain.hr\/wp-content\/uploads\/2024\/08\/Zapisnik_UV_101_02072024-web.pdf\" target=\"_blank\" rel=\"noopener\" title=\"Objava 101. sjednice Upravnog vije\u0107a\">Objava 101. sjednice Upravnog vije\u0107a<\/a><\/li>\n<li><a href=\"https:\/\/ain.hr\/wp-content\/uploads\/2024\/08\/Zapisnik_UV_102_26072024-web.pdf\" target=\"_blank\" rel=\"noopener\" title=\"Objava 102. sjednice Upravnog vije\u0107a\">Objava 102. sjednice Upravnog vije\u0107a<\/a><\/li>\n<li><a href=\"https:\/\/ain.hr\/wp-content\/uploads\/2025\/01\/Zapisnik_UV_103_26092024-web.pdf\" target=\"_blank\" rel=\"noopener\" title=\"Objava 103. sjednice Upravnog vije\u0107a\">Objava 103. sjednice Upravnog vije\u0107a<\/a><\/li>\n<li><a href=\"https:\/\/ain.hr\/wp-content\/uploads\/2025\/01\/Zapisnik_UV_104_05112024-web.pdf\" target=\"_blank\" rel=\"noopener\" title=\"Objava 104. sjednice Upravnog vije\u0107a\">Objava 104. sjednice Upravnog vije\u0107a<\/a><\/li>\n<li><a href=\"https:\/\/ain.hr\/wp-content\/uploads\/2025\/01\/Zapisnik_UV_105_12112024-web.pdf\" target=\"_blank\" rel=\"noopener\" title=\"Objava 105. sjednice Upravnog vije\u0107a\">Objava 105. sjednice Upravnog vije\u0107a<\/a><\/li>\n<li><a href=\"https:\/\/ain.hr\/wp-content\/uploads\/2025\/01\/Zapisnik_UV_106_20112024-web.pdf\" target=\"_blank\" rel=\"noopener\" title=\"Objava 106. sjednice Upravnog vije\u0107a\">Objava 106. sjednice Upravnog vije\u0107a<\/a><\/li>\n<li><a href=\"https:\/\/ain.hr\/wp-content\/uploads\/2025\/01\/Zapisnik_UV_107_17012025-web.pdf\" target=\"_blank\" rel=\"noopener\" title=\"Objava 107. sjednice Upravnog vije\u0107a\">Objava 107. sjednice Upravnog vije\u0107a<\/a><\/li>\n<li><a href=\"https:\/\/ain.hr\/wp-content\/uploads\/2025\/04\/Zapisnik_108_sjednice_UV.pdf\" target=\"_blank\" rel=\"noopener\" title=\"Objava 108. sjednice Upravnog vije\u0107a\">Objava 108. sjednice Upravnog vije\u0107a<\/a><\/li>\n<li><a href=\"https:\/\/ain.hr\/wp-content\/uploads\/2025\/04\/Zapisnik_109_sjednice_UV.pdf\" target=\"_blank\" rel=\"noopener\" title=\"Objava 109. sjednice Upravnog vije\u0107a\">Objava 109. sjednice Upravnog vije\u0107a<\/a><\/li>\n<li><a href=\"https:\/\/ain.hr\/wp-content\/uploads\/2025\/04\/Zapisnik_110_sjednice_UV.pdf\" target=\"_blank\" rel=\"noopener\" title=\"Objava 110. sjednice Upravnog vije\u0107a\">Objava 110. sjednice Upravnog vije\u0107a<\/a><\/li>\n<li><a href=\"https:\/\/ain.hr\/wp-content\/uploads\/2025\/05\/Zapisnik_111_sjednice_UV.pdf\" target=\"_blank\" rel=\"noopener\" title=\"Objava 111. sjednice Upravnog vije\u0107a\">Objava 111. sjednice Upravnog vije\u0107a<\/a><\/li>\n<li><a href=\"https:\/\/ain.hr\/wp-content\/uploads\/2025\/05\/Zapisnik_112_sjednice_UV.pdf\" target=\"_blank\" rel=\"noopener\" title=\"Objava 112. sjednice Upravnog vije\u0107a\">Objava 112. sjednice Upravnog vije\u0107a<\/a><\/li>\n<\/ul>\n<p>[\/et_pb_text][\/et_pb_column][et_pb_column type=&#8221;1_2&#8243; _builder_version=&#8221;4.19.4&#8243; _module_preset=&#8221;default&#8221; custom_css_main_element=&#8221;display: flex;||flex-direction: column;||justify-content: center;&#8221; global_colors_info=&#8221;{}&#8221;][et_pb_image src=&#8221;https:\/\/ain.hr\/wp-content\/uploads\/2022\/12\/o-nama_02.jpg&#8221; alt=&#8221;Agencija za istra\u017eivanje nesre\u0107a u zra\u010dnom, pomorskom i \u017eeljezni\u010dkom prometu&#8221; title_text=&#8221;Agencija za istra\u017eivanje nesre\u0107a u zra\u010dnom, pomorskom i \u017eeljezni\u010dkom prometu&#8221; _builder_version=&#8221;4.19.4&#8243; _module_preset=&#8221;default&#8221; global_colors_info=&#8221;{}&#8221;][\/et_pb_image][\/et_pb_column][\/et_pb_row][\/et_pb_section]<\/p>\n","protected":false},"excerpt":{"rendered":"<p>Upravno vije\u0107e Agencijom upravlja Upravno vije\u0107e koje se sastoji od tri \u010dlana od kojih je jedan predsjednik Upravnog vije\u0107a, a jedan zamjenik predsjednika. \u010clanovi Upravnog vije\u0107a imenuju se nakon provedenog javnog natje\u010daja koji provodi Ministarstvo pomorstva, prometa i infrastrukture. Predsjednika, zamjenika predsjednika i \u010dlana Upravnog vije\u0107a imenuje i razrje\u0161ava Vlada Republike Hrvatske na na\u010din i [&hellip;]<\/p>\n","protected":false},"author":1,"featured_media":0,"parent":46,"menu_order":0,"comment_status":"closed","ping_status":"closed","template":"","meta":{"_et_pb_use_builder":"on","_et_pb_old_content":"","_et_gb_content_width":"","footnotes":""},"class_list":["post-200","page","type-page","status-publish","hentry"],"_links":{"self":[{"href":"https:\/\/ain.hr\/en\/wp-json\/wp\/v2\/pages\/200","targetHints":{"allow":["GET"]}}],"collection":[{"href":"https:\/\/ain.hr\/en\/wp-json\/wp\/v2\/pages"}],"about":[{"href":"https:\/\/ain.hr\/en\/wp-json\/wp\/v2\/types\/page"}],"author":[{"embeddable":true,"href":"https:\/\/ain.hr\/en\/wp-json\/wp\/v2\/users\/1"}],"replies":[{"embeddable":true,"href":"https:\/\/ain.hr\/en\/wp-json\/wp\/v2\/comments?post=200"}],"version-history":[{"count":3,"href":"https:\/\/ain.hr\/en\/wp-json\/wp\/v2\/pages\/200\/revisions"}],"predecessor-version":[{"id":7144,"href":"https:\/\/ain.hr\/en\/wp-json\/wp\/v2\/pages\/200\/revisions\/7144"}],"up":[{"embeddable":true,"href":"https:\/\/ain.hr\/en\/wp-json\/wp\/v2\/pages\/46"}],"wp:attachment":[{"href":"https:\/\/ain.hr\/en\/wp-json\/wp\/v2\/media?parent=200"}],"curies":[{"name":"wp","href":"https:\/\/api.w.org\/{rel}","templated":true}]}}