{"id":202,"date":"2022-08-17T17:09:37","date_gmt":"2022-08-17T17:09:37","guid":{"rendered":"https:\/\/ain.hr\/?page_id=202"},"modified":"2022-12-27T12:10:28","modified_gmt":"2022-12-27T12:10:28","slug":"ravnatelj-i-zamjenik-ravnatelja","status":"publish","type":"page","link":"https:\/\/ain.hr\/en\/o-nama\/ravnatelj-i-zamjenik-ravnatelja\/","title":{"rendered":"Ravnatelj i zamjenik ravnatelja"},"content":{"rendered":"<p>[et_pb_section fb_built=&#8221;1&#8243; _builder_version=&#8221;4.19.4&#8243; _module_preset=&#8221;default&#8221; custom_padding=&#8221;100px||||false|false&#8221; top_divider_style=&#8221;ramp2&#8243; top_divider_color=&#8221;#0C71C3&#8243; top_divider_flip=&#8221;vertical&#8221; global_colors_info=&#8221;{}&#8221; theme_builder_area=&#8221;post_content&#8221;][et_pb_row column_structure=&#8221;3_4,1_4&#8243; _builder_version=&#8221;4.19.4&#8243; _module_preset=&#8221;default&#8221; width=&#8221;95%&#8221; custom_padding=&#8221;||0px||false|false&#8221; global_colors_info=&#8221;{}&#8221; theme_builder_area=&#8221;post_content&#8221;][et_pb_column type=&#8221;3_4&#8243; _builder_version=&#8221;4.19.4&#8243; _module_preset=&#8221;default&#8221; global_colors_info=&#8221;{}&#8221; theme_builder_area=&#8221;post_content&#8221;][et_pb_text ul_item_indent=&#8221;35px&#8221; _builder_version=&#8221;4.19.4&#8243; _module_preset=&#8221;default&#8221; header_2_text_align=&#8221;left&#8221; text_orientation=&#8221;justified&#8221; hover_enabled=&#8221;0&#8243; text_font_size_tablet=&#8221;15px&#8221; text_font_size_phone=&#8221;14px&#8221; text_font_size_last_edited=&#8221;on|phone&#8221; global_colors_info=&#8221;{}&#8221; theme_builder_area=&#8221;post_content&#8221; sticky_enabled=&#8221;0&#8243;]<\/p>\n<h2>Ravnatelj i zamjenik ravnatelja<\/h2>\n<p>Agenciju zastupa i predstavlja ravnatelj Agencije.<\/p>\n<p>Ravnatelja Agencije u slu\u010daju njegove odsutnosti ili sprije\u010denosti zamjenjuje zamjenik ravnatelja Agencije.<\/p>\n<p>Ravnatelj organizira i vodi rad i poslovanje Agencije, poduzima sve pravne radnje u ime i za ra\u010dun Agencije, zastupa Agenciju u svim postupcima pred sudovima, upravnim i drugim dr\u017eavnim tijelima te pravnim osobama s javnim ovlastima, a u granicama svojih ovlasti mo\u017ee dati punomo\u0107 drugoj osobi za zastupanje Agencije u pravnom prometu.<\/p>\n<p><strong>Djelokrug rada ravnatelja odre\u0111en je Zakonom i Statutom Agencije, te obuhva\u0107a sljede\u0107e poslove i odgovornosti:<\/strong><\/p>\n<ul>\n<li>zastupa, predstavlja i rukovodi Agencijom,<\/li>\n<li>u rukovo\u0111enju Agencijom organizira i vodi rad i poslovanje Agencije,<\/li>\n<li>nadzire zakonitost rada Agencije i pravodobnost izvr\u0161avanja poslova te poduzima mjere za osiguranje u\u010dinkovitosti u radu,<\/li>\n<li>raspisuje natje\u010daj za prijem novih zaposlenika Agencije,<\/li>\n<li>sklapa i raskida ugovore o radu s zaposlenicima Agencije te odlu\u010duje o pravima i obvezama iz radnog odnosa u skladu s op\u0107im propisima o radu i op\u0107im aktima Agencije,<\/li>\n<li>donosi odluke o raspore\u0111ivanju zaposlenika na radna mjesta u unutarnje ustrojstvene jedinice Agencije,<\/li>\n<li>organizira stru\u010dno osposobljavanje zaposlenika Agencije u skladu s op\u0107im aktima Agencije,<\/li>\n<li>odlu\u010duje o povjeravanju pojedinih stru\u010dnih i tehni\u010dkih poslova doma\u0107im ili inozemnim pravnim ili fizi\u010dkim osobama, ako ocijeni da je to potrebno i svrsishodno, a u cilju izvr\u0161avanja poslova Agencije,<\/li>\n<li>nadzire uredno i pravilno kori\u0161tenje imovine i sredstava za rad i poduzima mjere za utvr\u0111ivanje odgovornosti zaposlenika Agencije u skladu sa zakonom i op\u0107im aktima Agencije,<\/li>\n<li>predla\u017ee Upravnom vije\u0107u dono\u0161enje op\u0107ih i pojedina\u010dnih akata Agencije,<\/li>\n<li>predla\u017ee Upravnom vije\u0107u mjere investicijskog odr\u017eavanja i nabave, odnosno predla\u017ee prodaju osnovnih sredstava u skladu s financijskim planom<\/li>\n<li>predla\u017ee Upravnom vije\u0107u mjere za unaprje\u0111enje rada Agencije,<\/li>\n<li>donosi odluke u vezi s obavljanjem poslova iz djelatnosti Agencije utvr\u0111enih Zakonom,<\/li>\n<li>samostalno donosi i druge odluke potrebne za poslovanje Agencije za koje prema ovom Statutu i Zakonu nije potrebna suglasnost Upravnog vije\u0107a ili Vlade,<\/li>\n<li>odgovara za izvr\u0161enje odluka Upravnog vije\u0107a,<\/li>\n<li>obavlja i druge poslove utvr\u0111ene Zakonom, Statutom ili drugim op\u0107im aktom Agencije te odlukama Upravnog vije\u0107a.<\/li>\n<\/ul>\n<p><strong>Ravnateljica Agencije<\/strong><\/p>\n<ul>\n<li>Alana Vuki\u0107<\/li>\n<\/ul>\n<p>[\/et_pb_text][\/et_pb_column][et_pb_column type=&#8221;1_4&#8243; _builder_version=&#8221;4.19.4&#8243; _module_preset=&#8221;default&#8221; global_colors_info=&#8221;{}&#8221; theme_builder_area=&#8221;post_content&#8221;][et_pb_sidebar orientation=&#8221;right&#8221; area=&#8221;et_pb_widget_area_3&#8243; show_border=&#8221;off&#8221; module_class=&#8221;onamaSidebarStyle&#8221; _builder_version=&#8221;4.19.4&#8243; _module_preset=&#8221;default&#8221; global_colors_info=&#8221;{}&#8221; theme_builder_area=&#8221;post_content&#8221;][\/et_pb_sidebar][\/et_pb_column][\/et_pb_row][\/et_pb_section]<\/p>\n","protected":false},"excerpt":{"rendered":"<p>Ravnatelj i zamjenik ravnatelja Agenciju zastupa i predstavlja ravnatelj Agencije. Ravnatelja Agencije u slu\u010daju njegove odsutnosti ili sprije\u010denosti zamjenjuje zamjenik ravnatelja Agencije. Ravnatelj organizira i vodi rad i poslovanje Agencije, poduzima sve pravne radnje u ime i za ra\u010dun Agencije, zastupa Agenciju u svim postupcima pred sudovima, upravnim i drugim dr\u017eavnim tijelima te pravnim osobama [&hellip;]<\/p>\n","protected":false},"author":1,"featured_media":0,"parent":46,"menu_order":0,"comment_status":"closed","ping_status":"closed","template":"","meta":{"_et_pb_use_builder":"on","_et_pb_old_content":"","_et_gb_content_width":"","footnotes":""},"class_list":["post-202","page","type-page","status-publish","hentry"],"_links":{"self":[{"href":"https:\/\/ain.hr\/en\/wp-json\/wp\/v2\/pages\/202","targetHints":{"allow":["GET"]}}],"collection":[{"href":"https:\/\/ain.hr\/en\/wp-json\/wp\/v2\/pages"}],"about":[{"href":"https:\/\/ain.hr\/en\/wp-json\/wp\/v2\/types\/page"}],"author":[{"embeddable":true,"href":"https:\/\/ain.hr\/en\/wp-json\/wp\/v2\/users\/1"}],"replies":[{"embeddable":true,"href":"https:\/\/ain.hr\/en\/wp-json\/wp\/v2\/comments?post=202"}],"version-history":[{"count":3,"href":"https:\/\/ain.hr\/en\/wp-json\/wp\/v2\/pages\/202\/revisions"}],"predecessor-version":[{"id":2656,"href":"https:\/\/ain.hr\/en\/wp-json\/wp\/v2\/pages\/202\/revisions\/2656"}],"up":[{"embeddable":true,"href":"https:\/\/ain.hr\/en\/wp-json\/wp\/v2\/pages\/46"}],"wp:attachment":[{"href":"https:\/\/ain.hr\/en\/wp-json\/wp\/v2\/media?parent=202"}],"curies":[{"name":"wp","href":"https:\/\/api.w.org\/{rel}","templated":true}]}}