{"id":204,"date":"2022-08-17T17:09:55","date_gmt":"2022-08-17T17:09:55","guid":{"rendered":"https:\/\/ain.hr\/?page_id=204"},"modified":"2025-02-28T10:29:10","modified_gmt":"2025-02-28T10:29:10","slug":"glavni-istrazitelji","status":"publish","type":"page","link":"https:\/\/ain.hr\/en\/o-nama\/glavni-istrazitelji\/","title":{"rendered":"Glavni istra\u017eitelji"},"content":{"rendered":"<p>[et_pb_section fb_built=&#8221;1&#8243; _builder_version=&#8221;4.19.4&#8243; _module_preset=&#8221;default&#8221; custom_padding=&#8221;100px||||false|false&#8221; top_divider_style=&#8221;ramp2&#8243; top_divider_color=&#8221;#0C71C3&#8243; top_divider_flip=&#8221;vertical&#8221; global_colors_info=&#8221;{}&#8221;][et_pb_row column_structure=&#8221;3_4,1_4&#8243; _builder_version=&#8221;4.19.4&#8243; _module_preset=&#8221;default&#8221; width=&#8221;95%&#8221; custom_padding=&#8221;||0px||false|false&#8221; global_colors_info=&#8221;{}&#8221;][et_pb_column type=&#8221;3_4&#8243; _builder_version=&#8221;4.19.4&#8243; _module_preset=&#8221;default&#8221; global_colors_info=&#8221;{}&#8221;][et_pb_text ul_item_indent=&#8221;35px&#8221; _builder_version=&#8221;4.27.4&#8243; _module_preset=&#8221;default&#8221; header_2_text_align=&#8221;left&#8221; text_orientation=&#8221;justified&#8221; hover_enabled=&#8221;0&#8243; text_font_size_tablet=&#8221;15px&#8221; text_font_size_phone=&#8221;14px&#8221; text_font_size_last_edited=&#8221;on|phone&#8221; global_colors_info=&#8221;{}&#8221; sticky_enabled=&#8221;0&#8243;]<\/p>\n<h2>Glavni istra\u017eitelji<\/h2>\n<p>Agencija ima tri glavna istra\u017eitelja, po jednog za svako pojedino podru\u010dje istra\u017eivanja.<\/p>\n<p>Glavni istra\u017eitelji vode i odgovorni su za stru\u010dni rad Agencije, svaki za pojedino podru\u010dje istra\u017eivanja.<\/p>\n<p>Ovlasti, odnosno mjere koje mogu poduzimati glavni istra\u017eitelji ure\u0111uju se zakonima kojima se ure\u0111uje zra\u010dni promet, pomorstvo te sigurnost i interoperabilnost \u017eeljezni\u010dkog prometa kao i propisima donesenim temeljem tih zakona.<\/p>\n<p>Glavne istra\u017eitelje imenuje i razrje\u0161ava ravnatelj Agencije uz prethodnu suglasnost Upravnog vije\u0107a.<\/p>\n<p><strong>Glavni istra\u017eitelji:<\/strong><\/p>\n<ul>\n<li>Danko Petrin &#8211; glavni istra\u017eitelj zrakoplovnih nesre\u0107a<\/li>\n<li>Zdravko Seidel &#8211; glavni istra\u017eitelj pomorskih nesre\u0107a<\/li>\n<li>Ivica Majdan\u0111i\u0107 \u2013 vr\u0161itelj du\u017enosti glavnog istra\u017eitelja \u017eeljezni\u010dkih nesre\u0107a<\/li>\n<\/ul>\n<p>[\/et_pb_text][\/et_pb_column][et_pb_column type=&#8221;1_4&#8243; _builder_version=&#8221;4.19.4&#8243; _module_preset=&#8221;default&#8221; global_colors_info=&#8221;{}&#8221;][et_pb_sidebar orientation=&#8221;right&#8221; area=&#8221;et_pb_widget_area_3&#8243; show_border=&#8221;off&#8221; module_class=&#8221;onamaSidebarStyle&#8221; _builder_version=&#8221;4.19.4&#8243; _module_preset=&#8221;default&#8221; global_colors_info=&#8221;{}&#8221;][\/et_pb_sidebar][\/et_pb_column][\/et_pb_row][\/et_pb_section]<\/p>\n","protected":false},"excerpt":{"rendered":"<p>Glavni istra\u017eitelji Agencija ima tri glavna istra\u017eitelja, po jednog za svako pojedino podru\u010dje istra\u017eivanja. Glavni istra\u017eitelji vode i odgovorni su za stru\u010dni rad Agencije, svaki za pojedino podru\u010dje istra\u017eivanja. Ovlasti, odnosno mjere koje mogu poduzimati glavni istra\u017eitelji ure\u0111uju se zakonima kojima se ure\u0111uje zra\u010dni promet, pomorstvo te sigurnost i interoperabilnost \u017eeljezni\u010dkog prometa kao i propisima [&hellip;]<\/p>\n","protected":false},"author":1,"featured_media":0,"parent":46,"menu_order":0,"comment_status":"closed","ping_status":"closed","template":"","meta":{"_et_pb_use_builder":"on","_et_pb_old_content":"","_et_gb_content_width":"","footnotes":""},"class_list":["post-204","page","type-page","status-publish","hentry"],"_links":{"self":[{"href":"https:\/\/ain.hr\/en\/wp-json\/wp\/v2\/pages\/204","targetHints":{"allow":["GET"]}}],"collection":[{"href":"https:\/\/ain.hr\/en\/wp-json\/wp\/v2\/pages"}],"about":[{"href":"https:\/\/ain.hr\/en\/wp-json\/wp\/v2\/types\/page"}],"author":[{"embeddable":true,"href":"https:\/\/ain.hr\/en\/wp-json\/wp\/v2\/users\/1"}],"replies":[{"embeddable":true,"href":"https:\/\/ain.hr\/en\/wp-json\/wp\/v2\/comments?post=204"}],"version-history":[{"count":3,"href":"https:\/\/ain.hr\/en\/wp-json\/wp\/v2\/pages\/204\/revisions"}],"predecessor-version":[{"id":5653,"href":"https:\/\/ain.hr\/en\/wp-json\/wp\/v2\/pages\/204\/revisions\/5653"}],"up":[{"embeddable":true,"href":"https:\/\/ain.hr\/en\/wp-json\/wp\/v2\/pages\/46"}],"wp:attachment":[{"href":"https:\/\/ain.hr\/en\/wp-json\/wp\/v2\/media?parent=204"}],"curies":[{"name":"wp","href":"https:\/\/api.w.org\/{rel}","templated":true}]}}