{"id":208,"date":"2022-08-17T17:11:07","date_gmt":"2022-08-17T17:11:07","guid":{"rendered":"https:\/\/ain.hr\/?page_id=208"},"modified":"2026-04-07T08:23:47","modified_gmt":"2026-04-07T08:23:47","slug":"planovi-i-program-rada","status":"publish","type":"page","link":"https:\/\/ain.hr\/en\/o-nama\/planovi-i-program-rada\/","title":{"rendered":"Planovi i program rada"},"content":{"rendered":"<p>[et_pb_section fb_built=&#8221;1&#8243; _builder_version=&#8221;4.19.4&#8243; _module_preset=&#8221;default&#8221; custom_padding=&#8221;100px||||false|false&#8221; top_divider_style=&#8221;ramp2&#8243; top_divider_color=&#8221;#0C71C3&#8243; top_divider_flip=&#8221;vertical&#8221; global_colors_info=&#8221;{}&#8221;][et_pb_row column_structure=&#8221;3_4,1_4&#8243; _builder_version=&#8221;4.19.4&#8243; _module_preset=&#8221;default&#8221; width=&#8221;95%&#8221; custom_padding=&#8221;||0px||false|false&#8221; global_colors_info=&#8221;{}&#8221;][et_pb_column type=&#8221;3_4&#8243; _builder_version=&#8221;4.19.4&#8243; _module_preset=&#8221;default&#8221; global_colors_info=&#8221;{}&#8221;][et_pb_text ul_item_indent=&#8221;35px&#8221; _builder_version=&#8221;4.27.4&#8243; _module_preset=&#8221;default&#8221; header_2_text_align=&#8221;left&#8221; text_orientation=&#8221;justified&#8221; text_font_size_tablet=&#8221;15px&#8221; text_font_size_phone=&#8221;14px&#8221; text_font_size_last_edited=&#8221;off|desktop&#8221; global_colors_info=&#8221;{}&#8221;]<\/p>\n<h2>Planovi i program rada<\/h2>\n<ul>\n<li><a href=\"https:\/\/ain.hr\/wp-content\/uploads\/2025\/04\/GPR-i-FP-AIN-2025_final-uskladen.pdf\" target=\"_blank\" rel=\"noopener\" title=\"Godi\u0161nji program rada i razvoja i Financijski plan poslovanja za 2025. godinu\">Godi\u0161nji program rada i razvoja i Financijski plan poslovanja za 2025. godinu<\/a><\/li>\n<li><a href=\"https:\/\/ain.hr\/wp-content\/uploads\/2024\/12\/Financijski-plan-AIN-2025_2027.pdf\" target=\"_blank\" rel=\"noopener\" title=\"Financijski plan Agencije za 2025. - 2027. godinu\">Financijski plan Agencije za 2025. &#8211; 2027. godinu<\/a><\/li>\n<li><a href=\"https:\/\/ain.hr\/wp-content\/uploads\/2024\/10\/Izmjene-i-dopune-Financijskog-plana-Agencije-za-Agencije-za-istrazivanje-nesreca-u-zracnom-pomorskom-i-zeljeznickom-prometu-za-2024.-godinu.pdf\" target=\"_blank\" rel=\"noopener\" title=\"Izmjene i dopune Financijskog plana Agencije za Agencije za istra\u017eivanje nesre\u0107a u zra\u010dnom, pomorskom i \u017eeljezni\u010dkom prometu za 2024. godinu\">Izmjene i dopune Financijskog plana Agencije za Agencije za istra\u017eivanje nesre\u0107a u zra\u010dnom, pomorskom i \u017eeljezni\u010dkom prometu za 2024. godinu<\/a><\/li>\n<li><a href=\"https:\/\/ain.hr\/wp-content\/uploads\/2024\/10\/Izmjene-i-dopune-Financijskog-plana-Agencije-za-Agencije-za-istrazivanje-nesreca-u-zracnom-pomorskom-i-zeljeznickom-prometu-za-2024.-godinu.xlsx\" target=\"_blank\" rel=\"noopener\" title=\"Izmjene i dopune Financijskog plana Agencije za Agencije za istra\u017eivanje nesre\u0107a u zra\u010dnom, pomorskom i \u017eeljezni\u010dkom prometu za 2024. godinu - tablica\">Izmjene i dopune Financijskog plana Agencije za Agencije za istra\u017eivanje nesre\u0107a u zra\u010dnom, pomorskom i \u017eeljezni\u010dkom prometu za 2024. godinu &#8211; tablica<\/a><\/li>\n<li><a href=\"https:\/\/ain.hr\/wp-content\/uploads\/2024\/02\/Godisnji_program_rada_financisjki_plan_2024.pdf\" target=\"_blank\" rel=\"noopener\" title=\"Godi\u0161nji program rada i razvoja i Financijski plan poslovanja za 2024. godinu\">Godi\u0161nji program rada i razvoja i Financijski plan poslovanja za 2024. godinu<\/a><\/li>\n<li><a href=\"https:\/\/ain.hr\/wp-content\/uploads\/2023\/01\/godisnji_program_rada_i_razvoja_i_financijski_plan_poslovanja_2023.pdf\" target=\"_blank\" rel=\"noopener\">Godi\u0161nji program rada i razvoja i Financijski plan poslovanja za 2023. godinu<\/a><\/li>\n<li><a title=\"Godi\u0161nji program rada i razvoja i Financijski plan poslovanja za 2022. godinu\" href=\"https:\/\/ain.hr\/wp-content\/uploads\/2022\/12\/godisnji_program_rada_i_razvoja_i_financijski_plan_poslovanja_za_2022_godinu.pdf\" target=\"_blank\" rel=\"noopener\">Godi\u0161nji program rada i razvoja i Financijski plan poslovanja za 2022. godinu<\/a><\/li>\n<li><a href=\"https:\/\/ain.hr\/wp-content\/uploads\/2023\/02\/Godisnji_program_rada_i_razvoja_i_financijski_plan_poslovanja_2021.pdf\">Godi\u0161nji program rada i razvoja i Financijski plan poslovanja za 2021. godinu<\/a><\/li>\n<li><a title=\"Financijski plan za 2020. godinu\" href=\"https:\/\/ain.hr\/wp-content\/uploads\/2022\/12\/financijski_plan_za_2020_godinu.pdf\" target=\"_blank\" rel=\"noopener\">Financijski plan poslovanja za 2020. godinu<\/a><\/li>\n<\/ul>\n<p>[\/et_pb_text][et_pb_text ul_item_indent=&#8221;35px&#8221; _builder_version=&#8221;4.27.5&#8243; _module_preset=&#8221;default&#8221; header_2_text_align=&#8221;left&#8221; text_orientation=&#8221;justified&#8221; hover_enabled=&#8221;0&#8243; text_font_size_tablet=&#8221;15px&#8221; text_font_size_phone=&#8221;14px&#8221; text_font_size_last_edited=&#8221;off|desktop&#8221; global_colors_info=&#8221;{}&#8221; sticky_enabled=&#8221;0&#8243;]<\/p>\n<h2>Financijski planovi<\/h2>\n<ul>\n<li><a href=\"https:\/\/ain.hr\/wp-content\/uploads\/2026\/04\/IZVRSENJE-FINANCIJSKOG-PLANA_2025.pdf\" target=\"_blank\" rel=\"noopener\" title=\"Izvr\u0161enje financijskog plana za 2025. godinu\">Izvr\u0161enje financijskog plana za 2025. godinu<\/a><\/li>\n<li><a href=\"https:\/\/ain.hr\/wp-content\/uploads\/2026\/04\/Obrazlozenje-izvrsenja-proracuna-2025-posebni-dio.pdf\" target=\"_blank\" rel=\"noopener\" title=\"Izvr\u0161enje financijskog plana za 2025. godinu - obrazlo\u017eenje izvr\u0161enja\">Izvr\u0161enje financijskog plana za 2025. godinu &#8211; obrazlo\u017eenje izvr\u0161enja<\/a><\/li>\n<li><a href=\"https:\/\/ain.hr\/wp-content\/uploads\/2026\/04\/AIN-FP-2025-izvrsenje.xls\" target=\"_blank\" rel=\"noopener\" title=\"Izvr\u0161enje financijskog plana za 2025. godinu (xls)\">Izvr\u0161enje financijskog plana za 2025. godinu (xls)<\/a><\/li>\n<li><a href=\"https:\/\/ain.hr\/wp-content\/uploads\/2025\/12\/Opci_dio_proracuna_2026-2028.pdf\" target=\"_blank\" rel=\"noopener\" title=\"Op\u0107i dio financijskog plana Agencije za razdoblje 2026.- 2028.\">Op\u0107i dio financijskog plana Agencije za razdoblje 2026.- 2028.<\/a><\/li>\n<li><a href=\"https:\/\/ain.hr\/wp-content\/uploads\/2025\/12\/Obrazlozenje_proracuna_2026-2028.pdf\" target=\"_blank\" rel=\"noopener\" title=\"Obrazlo\u017eenje financijskog plana Agencije za razdoblje 2026.- 2028.\">Obrazlo\u017eenje financijskog plana Agencije za razdoblje 2026.- 2028.<\/a><\/li>\n<li><a href=\"https:\/\/ain.hr\/wp-content\/uploads\/2025\/12\/Konacni_prijedlog_proracuna_2026-2028.xlsx\" target=\"_blank\" rel=\"noopener\" title=\"Kona\u010dni prijedlog financijskog plana Agencije za razdoblje 2026.- 2028.\">Kona\u010dni prijedlog financijskog plana Agencije za razdoblje 2026.- 2028.<\/a><\/li>\n<li><a href=\"https:\/\/ain.hr\/wp-content\/uploads\/2025\/12\/065-PLAN-PRIHODA-2026-2028.xlsx\" target=\"_blank\" rel=\"noopener\" title=\"Plan prihoda Agencije za razdoblje 2026.- 2028.\">Plan prihoda Agencije za razdoblje 2026.- 2028.<\/a><\/li>\n<li><a href=\"https:\/\/ain.hr\/wp-content\/uploads\/2025\/12\/Rebalans-2025-verzija-B-AIN.xlsx\" target=\"_blank\" rel=\"noopener\" title=\"Rebalans financijskog plana Agencije za 2025. godinu\">Rebalans financijskog plana Agencije za 2025. godinu<\/a><\/li>\n<li><a href=\"https:\/\/ain.hr\/wp-content\/uploads\/2025\/12\/065-PLAN-PRIHODA-REBALANS-2025-AIN.xlsx\" target=\"_blank\" rel=\"noopener\" title=\"Rebalans Plana prihoda Agencije za 2025. godinu\">Rebalans Plana prihoda Agencije za 2025. godinu<\/a><\/li>\n<li><a href=\"https:\/\/ain.hr\/wp-content\/uploads\/2026\/02\/POLUGODISNJE-IZVRSENJE-FINANCIJSKOG-PLANA-ZA-RAZDOBLJE_01012025_30062025.pdf\" target=\"_blank\" rel=\"noopener\" title=\"Polugodi\u0161nji izvje\u0161taj o izvr\u0161enju financijskog plana za 2025. godinu\">Polugodi\u0161nji izvje\u0161taj o izvr\u0161enju financijskog plana za 2025. godinu<\/a><\/li>\n<li><a href=\"https:\/\/ain.hr\/wp-content\/uploads\/2026\/02\/AIN-polugodisnji-izvjestaj-o-izvrsenju-fin.-plana-za-1-6_2025.xlsx\" target=\"_blank\" rel=\"noopener\" title=\"Polugodi\u0161nji izvje\u0161taj o izvr\u0161enju financijskog plana za 2025. godinu (xlsx)\">Polugodi\u0161nji izvje\u0161taj o izvr\u0161enju financijskog plana za 2025. godinu (xlsx)<\/a><\/li>\n<li><a href=\"https:\/\/ain.hr\/wp-content\/uploads\/2025\/04\/Izvrsenje-financijskog-plana_AIN_2024.pdf\" target=\"_blank\" rel=\"noopener\" title=\"Izvr\u0161enje financijskog plana Agencije za 2024. godinu\">Izvr\u0161enje financijskog plana Agencije za 2024. godinu<\/a><\/li>\n<li><a href=\"https:\/\/ain.hr\/wp-content\/uploads\/2025\/04\/Izvjestaj-o-izvrsenju-financijskog-plana-za-2024.-godinu-AIN.xlsx\" target=\"_blank\" rel=\"noopener\" title=\"Izvr\u0161enje financijskog plana Agencije za 2024. godinu (xlsx)\">Izvje\u0161taj o izvr\u0161enju financijskog plana Agencije za 2024. godinu (xlsx)<\/a><\/li>\n<li><a href=\"https:\/\/ain.hr\/wp-content\/uploads\/2024\/07\/Polugodisnji-izvjestaj-o-izvrsenju-financijskog-plana-za-2024.-godinu.xlsx\" target=\"_blank\" rel=\"noopener\" title=\"Polugodi\u0161nji izvje\u0161taj o izvr\u0161enju financijskog plana za 2024. godinu\">Polugodi\u0161nji izvje\u0161taj o izvr\u0161enju financijskog plana za 2024. godinu<\/a><\/li>\n<li><a href=\"https:\/\/ain.hr\/wp-content\/uploads\/2024\/07\/Obrazlozenje-izvrsenja-financijskog-plana-za-razdoblje-1-6.2024.pdf\" target=\"_blank\" rel=\"noopener\" title=\"Obrazlo\u017eenje izvr\u0161enja financijskog plana za razdoblje 1.- 6.2024. godine\">Obrazlo\u017eenje izvr\u0161enja financijskog plana za razdoblje 1.- 6.2024. godine<\/a><\/li>\n<li><a href=\"https:\/\/ain.hr\/wp-content\/uploads\/2024\/07\/Odluka-o-usvajanju-polugodisnjeg-izvjestaja-za-2024.-godinu.pdf\" target=\"_blank\" rel=\"noopener\" title=\"Odluka o usvajanju polugodi\u0161njeg financijskog izvje\u0161taja za 2024. godinu\">Odluka o usvajanju polugodi\u0161njeg financijskog izvje\u0161taja za 2024. godinu<\/a><\/li>\n<\/ul>\n<p>[\/et_pb_text][\/et_pb_column][et_pb_column type=&#8221;1_4&#8243; _builder_version=&#8221;4.19.4&#8243; _module_preset=&#8221;default&#8221; global_colors_info=&#8221;{}&#8221;][et_pb_sidebar orientation=&#8221;right&#8221; area=&#8221;et_pb_widget_area_3&#8243; show_border=&#8221;off&#8221; module_class=&#8221;onamaSidebarStyle&#8221; _builder_version=&#8221;4.19.4&#8243; _module_preset=&#8221;default&#8221; global_colors_info=&#8221;{}&#8221;][\/et_pb_sidebar][\/et_pb_column][\/et_pb_row][\/et_pb_section]<\/p>\n","protected":false},"excerpt":{"rendered":"<p>Planovi i program rada Godi\u0161nji program rada i razvoja i Financijski plan poslovanja za 2025. godinu Financijski plan Agencije za 2025. &#8211; 2027. godinu Izmjene i dopune Financijskog plana Agencije za Agencije za istra\u017eivanje nesre\u0107a u zra\u010dnom, pomorskom i \u017eeljezni\u010dkom prometu za 2024. godinu Izmjene i dopune Financijskog plana Agencije za Agencije za istra\u017eivanje nesre\u0107a [&hellip;]<\/p>\n","protected":false},"author":1,"featured_media":0,"parent":46,"menu_order":0,"comment_status":"closed","ping_status":"closed","template":"","meta":{"_et_pb_use_builder":"on","_et_pb_old_content":"","_et_gb_content_width":"","footnotes":""},"class_list":["post-208","page","type-page","status-publish","hentry"],"_links":{"self":[{"href":"https:\/\/ain.hr\/en\/wp-json\/wp\/v2\/pages\/208","targetHints":{"allow":["GET"]}}],"collection":[{"href":"https:\/\/ain.hr\/en\/wp-json\/wp\/v2\/pages"}],"about":[{"href":"https:\/\/ain.hr\/en\/wp-json\/wp\/v2\/types\/page"}],"author":[{"embeddable":true,"href":"https:\/\/ain.hr\/en\/wp-json\/wp\/v2\/users\/1"}],"replies":[{"embeddable":true,"href":"https:\/\/ain.hr\/en\/wp-json\/wp\/v2\/comments?post=208"}],"version-history":[{"count":2,"href":"https:\/\/ain.hr\/en\/wp-json\/wp\/v2\/pages\/208\/revisions"}],"predecessor-version":[{"id":8183,"href":"https:\/\/ain.hr\/en\/wp-json\/wp\/v2\/pages\/208\/revisions\/8183"}],"up":[{"embeddable":true,"href":"https:\/\/ain.hr\/en\/wp-json\/wp\/v2\/pages\/46"}],"wp:attachment":[{"href":"https:\/\/ain.hr\/en\/wp-json\/wp\/v2\/media?parent=208"}],"curies":[{"name":"wp","href":"https:\/\/api.w.org\/{rel}","templated":true}]}}