{"id":210,"date":"2022-08-17T17:11:25","date_gmt":"2022-08-17T17:11:25","guid":{"rendered":"https:\/\/ain.hr\/?page_id=210"},"modified":"2026-03-11T07:59:36","modified_gmt":"2026-03-11T07:59:36","slug":"godisnja-izvjesca","status":"publish","type":"page","link":"https:\/\/ain.hr\/en\/o-nama\/godisnja-izvjesca\/","title":{"rendered":"Godi\u0161nja izvje\u0161\u0107a"},"content":{"rendered":"<p>[et_pb_section fb_built=&#8221;1&#8243; _builder_version=&#8221;4.19.4&#8243; _module_preset=&#8221;default&#8221; custom_padding=&#8221;100px||||false|false&#8221; top_divider_style=&#8221;ramp2&#8243; top_divider_color=&#8221;#0C71C3&#8243; top_divider_flip=&#8221;vertical&#8221; global_colors_info=&#8221;{}&#8221;][et_pb_row column_structure=&#8221;3_4,1_4&#8243; _builder_version=&#8221;4.19.4&#8243; _module_preset=&#8221;default&#8221; width=&#8221;95%&#8221; custom_padding=&#8221;||0px||false|false&#8221; global_colors_info=&#8221;{}&#8221;][et_pb_column type=&#8221;3_4&#8243; _builder_version=&#8221;4.19.4&#8243; _module_preset=&#8221;default&#8221; global_colors_info=&#8221;{}&#8221;][et_pb_text ul_item_indent=&#8221;35px&#8221; _builder_version=&#8221;4.23.4&#8243; _module_preset=&#8221;default&#8221; header_2_text_align=&#8221;left&#8221; text_orientation=&#8221;justified&#8221; text_font_size_tablet=&#8221;15px&#8221; text_font_size_phone=&#8221;14px&#8221; text_font_size_last_edited=&#8221;off|desktop&#8221; global_colors_info=&#8221;{}&#8221;]<\/p>\n<h3>Godi\u0161nja izvje\u0161\u0107a o radu Agencije:<\/h3>\n<ul>\n<li><a href=\"https:\/\/ain.hr\/wp-content\/uploads\/2024\/05\/Godisnje_izvjesce_o_radu_2023.pdf\" target=\"_blank\" rel=\"noopener\" title=\"Godi\u0161nje izvje\u0161\u0107e o radu Agencije za 2023. godinu\">Godi\u0161nje izvje\u0161\u0107e o radu Agencije za 2023. godinu<\/a><\/li>\n<li><a href=\"https:\/\/ain.hr\/wp-content\/uploads\/2023\/06\/Godisnje_izvjesce_Agencije_za_2022_godinu.pdf\" target=\"_blank\" rel=\"noopener\" title=\"Godi\u0161nje izvje\u0161\u0107e o radu Agencije za 2022. godinu\">Godi\u0161nje izvje\u0161\u0107e o radu Agencije za 2022. godinu<\/a><\/li>\n<li><a href=\"https:\/\/ain.hr\/wp-content\/uploads\/2022\/12\/godisnje_izvjesce_o_radu_agencije_za_2021_godinu.pdf\" target=\"_blank\" title=\"Godi\u0161nje izvje\u0161\u0107e o radu Agencije za 2021. godinu\" rel=\"noopener\">Godi\u0161nje izvje\u0161\u0107e o radu Agencije za 2021. godinu<\/a><\/li>\n<li><a href=\"https:\/\/ain.hr\/wp-content\/uploads\/2022\/12\/godisnje_izvjesce_o_radu_agencije_za_2015_godinu.pdf\" target=\"_blank\" title=\"Godi\u0161nje izvje\u0161\u0107e o radu agencije za 2015. godinu\" rel=\"noopener\"><\/a><a href=\"https:\/\/ain.hr\/wp-content\/uploads\/2022\/12\/godisnje_izvjesce_o_radu_agencije_za_2020_godinu.pdf\" target=\"_blank\" title=\"Godi\u0161nje izvje\u0161\u0107e o radu Agencije za 2020. godinu\" rel=\"noopener\">Godi\u0161nje izvje\u0161\u0107e o radu Agencije za 2020. godinu<\/a><\/li>\n<li><a href=\"https:\/\/ain.hr\/wp-content\/uploads\/2022\/12\/godisnje_izvjesce_o_radu_agencije_za_2019_godinu.pdf\" target=\"_blank\" title=\"Godi\u0161nje izvje\u0161\u0107e o radu Agencije za 2019. godinu\" rel=\"noopener\">Godi\u0161nje izvje\u0161\u0107e o radu Agencije za 2019. godinu<\/a><\/li>\n<\/ul>\n<p>[\/et_pb_text][et_pb_text ul_item_indent=&#8221;35px&#8221; _builder_version=&#8221;4.27.5&#8243; _module_preset=&#8221;default&#8221; header_2_text_align=&#8221;left&#8221; text_orientation=&#8221;justified&#8221; text_font_size_tablet=&#8221;15px&#8221; text_font_size_phone=&#8221;14px&#8221; text_font_size_last_edited=&#8221;off|desktop&#8221; global_colors_info=&#8221;{}&#8221;]<\/p>\n<h3>Godi\u0161nji financijski izvje\u0161taji:<\/h3>\n<ul>\n<li><a href=\"https:\/\/ain.hr\/wp-content\/uploads\/2026\/02\/AINZPZ_Obrasci_financijskih_izvjestaja_2025.xlsx\" target=\"_blank\" rel=\"noopener\" title=\"Godi\u0161nji financijski izvje\u0161taj za 2025. godinu\">Godi\u0161nji financijski izvje\u0161taj za 2025. godinu<\/a><\/li>\n<li><a href=\"https:\/\/ain.hr\/wp-content\/uploads\/2026\/02\/Referentna-stranica_2025.pdf\" target=\"_blank\" rel=\"noopener\" title=\"Godi\u0161nji financijski izvje\u0161taj za 2025. godinu - referentna stranica\">Godi\u0161nji financijski izvje\u0161taj za 2025. godinu &#8211; referentna stranica<\/a><\/li>\n<li><a href=\"https:\/\/ain.hr\/wp-content\/uploads\/2026\/02\/Potvrda_RKPFI_2025.xlsx\" target=\"_blank\" rel=\"noopener\" title=\"Godi\u0161nji financijski izvje\u0161taj za 2025. godinu - potvrda RKPFI\">Godi\u0161nji financijski izvje\u0161taj za 2025. godinu &#8211; potvrda RKPFI<\/a><\/li>\n<li><a href=\"https:\/\/ain.hr\/wp-content\/uploads\/2026\/02\/Biljeske-uz-financijske-izvjestaje_2025.pdf\" target=\"_blank\" rel=\"noopener\" title=\"Godi\u0161nji financijski izvje\u0161taj za 2025. godinu - Bilje\u0161ke uz financijska izvje\u0161\u0107a\">Godi\u0161nji financijski izvje\u0161taj za 2025. godinu &#8211; Bilje\u0161ke uz financijska izvje\u0161\u0107a<\/a><\/li>\n<li><a href=\"https:\/\/ain.hr\/wp-content\/uploads\/2025\/01\/Godisnji_financijski_izvjestaj_2024.pdf\" target=\"_blank\" rel=\"noopener\" title=\"Godi\u0161nji financijski izvje\u0161taj za 2024. godinu\">Godi\u0161nji financijski izvje\u0161taj za 2024. godinu<\/a><\/li>\n<li><a href=\"https:\/\/ain.hr\/wp-content\/uploads\/2025\/01\/Obrasci_financijskih_izvjestaja_2024.xlsx\" target=\"_blank\" rel=\"noopener\" title=\"Godi\u0161nji financijski izvje\u0161taj za 2024. godinu - Financijska izvje\u0161\u0107a\">Godi\u0161nji financijski izvje\u0161taj za 2024. godinu &#8211; Financijska izvje\u0161\u0107a<\/a><\/li>\n<li><a href=\"https:\/\/ain.hr\/wp-content\/uploads\/2024\/02\/financijski_izvjestaj_2023.pdf\" target=\"_blank\" rel=\"noopener\" title=\"Godi\u0161nji financijski izvje\u0161taj za 2023. godinu\">Godi\u0161nji financijski izvje\u0161taj za 2023. godinu<\/a><\/li>\n<li><a href=\"https:\/\/ain.hr\/wp-content\/uploads\/2024\/02\/izvjestaj_proracuna_2023.xlsx\" target=\"_blank\" rel=\"noopener\" title=\"Godi\u0161nji financijski izvje\u0161taj za 2023. godinu - Financijska izvje\u0161\u0107a\">Godi\u0161nji financijski izvje\u0161taj za 2023. godinu &#8211; Financijska izvje\u0161\u0107a<\/a><\/li>\n<li><a href=\"https:\/\/ain.hr\/wp-content\/uploads\/2024\/02\/biljeske_uz_izvjestaj_proracuna_2023.docx\" target=\"_blank\" rel=\"noopener\" title=\"Godi\u0161nji financijski izvje\u0161taj za 2023. godinu - Bilje\u0161ke uz financijska izvje\u0161\u0107a\">Godi\u0161nji financijski izvje\u0161taj za 2023. godinu &#8211; Bilje\u0161ke uz financijska izvje\u0161\u0107a<\/a><\/li>\n<li><a href=\"https:\/\/ain.hr\/wp-content\/uploads\/2023\/02\/Godisnji_financijski_izvjestaj_za_2022_godinu.pdf\">Godi\u0161nji financijski izvje\u0161taj za 2022. godinu<\/a><\/li>\n<li><a href=\"https:\/\/ain.hr\/wp-content\/uploads\/2023\/02\/Godisnji_financijski_izvjestaj_za_2022_godinu_financijska_izvjesca.xlsx\">Godi\u0161nji financijski izvje\u0161taj za 2022. godinu &#8211; Financijska izvje\u0161\u0107a<\/a><\/li>\n<li><a href=\"https:\/\/ain.hr\/wp-content\/uploads\/2023\/02\/Godisnji_financijski_izvjestaj_za_2022_godinu_biljeske_uz_financijska_izvjesca.pdf\">Godi\u0161nji financijski izvje\u0161taj za 2022. godinu &#8211; Bilje\u0161ke uz financijska izvje\u0161\u0107a<\/a><\/li>\n<li><a title=\"Godi\u0161nji financijski izvje\u0161taj za 2021. godinu\" href=\"https:\/\/ain.hr\/wp-content\/uploads\/2022\/12\/godisnji_financijski_izvjestaj_za_2021_godinu.pdf\" target=\"_blank\" rel=\"noopener\">Godi\u0161nji financijski izvje\u0161taj za 2021. godinu<\/a><\/li>\n<li><a href=\"https:\/\/ain.hr\/wp-content\/uploads\/2022\/12\/Godisnji-financijski-izvjestaj-za-2021.-godinu-\u2013-Financijska-izvjesca.xls\" target=\"_blank\" rel=\"noopener\">Godi\u0161nji financijski izvje\u0161taj za 2021. godinu &#8211; Financijska izvje\u0161\u0107a<\/a><\/li>\n<li><a href=\"https:\/\/ain.hr\/wp-content\/uploads\/2022\/12\/Godisnji-financijski-izvjestaj-za-2021.-godinu-\u2013-Biljeske-uz-financijska-izvjesca.docx\" target=\"_blank\" rel=\"noopener\">Godi\u0161nji financijski izvje\u0161taj za 2021. godinu &#8211; Bilje\u0161ke uz financijska izvje\u0161\u0107a<\/a><\/li>\n<li><a title=\"Godi\u0161nji financijski izvje\u0161taj za 2020. godinu.\" href=\"https:\/\/ain.hr\/wp-content\/uploads\/2022\/12\/godisnji_financijski_izvjestaj_za_2020_godinu.pdf\" target=\"_blank\" rel=\"noopener\">Godi\u0161nji financijski izvje\u0161taj za 2020. godinu.<\/a><\/li>\n<li><a href=\"https:\/\/ain.hr\/wp-content\/uploads\/2022\/12\/Godisnji-financijski-izvjestaj-za-2020.-godinu-\u2013-Financijska-izvjesca.xls\" target=\"_blank\" rel=\"noopener\">Godi\u0161nji financijski izvje\u0161taj za 2020. godinu &#8211; Financijska izvje\u0161\u0107a<\/a><\/li>\n<li><a href=\"https:\/\/ain.hr\/wp-content\/uploads\/2022\/12\/Godisnji-financijski-izvjestaj-za-2020.-godinu-\u2013-Biljeske-uz-financijska-izvjesca.docx\" target=\"_blank\" rel=\"noopener\">Godi\u0161nji financijski izvje\u0161taj za 2020. godinu &#8211; Bilje\u0161ke uz financijska izvje\u0161\u0107a<\/a><\/li>\n<\/ul>\n<p>&nbsp;<\/p>\n<p>[\/et_pb_text][et_pb_text ul_item_indent=&#8221;35px&#8221; _builder_version=&#8221;4.27.4&#8243; _module_preset=&#8221;default&#8221; header_2_text_align=&#8221;left&#8221; text_orientation=&#8221;justified&#8221; text_font_size_tablet=&#8221;15px&#8221; text_font_size_phone=&#8221;14px&#8221; text_font_size_last_edited=&#8221;off|desktop&#8221; global_colors_info=&#8221;{}&#8221;]<\/p>\n<h3>Godi\u0161nje izvje\u0161\u0107e Odjela za istragu nesre\u0107a u \u017eeljezni\u010dkom prometu:<a href=\"https:\/\/ain.hr\/wp-content\/uploads\/2024\/09\/AIN_godisnje_izvjesce_o_radu_Odjela_za_istrazivanje_zeljeznickih_nesreca_2023.pdf\" target=\"_blank\" title=\"Godi\u0161nje izvje\u0161\u0107e Odjela za istrage nesre\u0107a u \u017eeljezni\u010dkom prometu za 2023. godinu\" rel=\"noopener\"><\/a><\/h3>\n<ul>\n<li><a href=\"https:\/\/ain.hr\/wp-content\/uploads\/2025\/09\/NIB-CROATIA-Annual-report-2024-web.pdf\" target=\"_blank\" title=\"Godi\u0161nje izvje\u0161\u0107e Odjela za istrage nesre\u0107a u \u017eeljezni\u010dkom prometu za 2024. godinu - EN\" rel=\"noopener\">Godi\u0161nje izvje\u0161\u0107e Odjela za istrage nesre\u0107a u \u017eeljezni\u010dkom prometu za 2024. godinu &#8211; EN<\/a><\/li>\n<li><a href=\"https:\/\/ain.hr\/wp-content\/uploads\/2025\/09\/NIB-CROATIA-Godisnje-izvjesce-2024-web.pdf\" target=\"_blank\" title=\"Godi\u0161nje izvje\u0161\u0107e Odjela za istrage nesre\u0107a u \u017eeljezni\u010dkom prometu za 2024. godinu - HR\" rel=\"noopener\">Godi\u0161nje izvje\u0161\u0107e Odjela za istrage nesre\u0107a u \u017eeljezni\u010dkom prometu za 2024. godinu &#8211; HR<\/a><\/li>\n<li><a href=\"https:\/\/ain.hr\/wp-content\/uploads\/2024\/09\/AIN_godisnje_izvjesce_o_radu_Odjela_za_istrazivanje_zeljeznickih_nesreca_2023.pdf\" target=\"_blank\" title=\"Godi\u0161nje izvje\u0161\u0107e Odjela za istrage nesre\u0107a u \u017eeljezni\u010dkom prometu za 2023. godinu\" rel=\"noopener\">Godi\u0161nje izvje\u0161\u0107e Odjela za istrage nesre\u0107a u \u017eeljezni\u010dkom prometu za 2023. godinu<\/a><\/li>\n<li><a href=\"https:\/\/ain.hr\/wp-content\/uploads\/2023\/09\/Godisnje_izvjesce_o_radu_Odjela_za_istrazivanje_zeljeznickih_nesreca_2022.pdf\" target=\"_blank\" title=\"Godi\u0161nje izvje\u0161\u0107e Odjela za istrage nesre\u0107a u \u017eeljezni\u010dkom prometu za 2022. godinu\" rel=\"noopener\">Godi\u0161nje izvje\u0161\u0107e Odjela za istrage nesre\u0107a u \u017eeljezni\u010dkom prometu za 2022. godinu<\/a><\/li>\n<li><a href=\"https:\/\/ain.hr\/wp-content\/uploads\/2022\/12\/godisnje_izvjesce_odjela_za_istrage_nesreca_u_zeljeznickom_prometu_za_2021_godinu.pdf\" target=\"_blank\" title=\"Godi\u0161nje izvje\u0161\u0107e Odjela za istrage nesre\u0107a u \u017eeljezni\u010dkom prometu za 2021. godinu\" rel=\"noopener\">Godi\u0161nje izvje\u0161\u0107e Odjela za istrage nesre\u0107a u \u017eeljezni\u010dkom prometu za 2021. godinu<\/a><\/li>\n<li><a href=\"https:\/\/ain.hr\/wp-content\/uploads\/2022\/12\/godisnje_izvjesce_odjela_za_istrage_nesreca_u_zeljeznickom_prometu_za_2020_godinu.pdf\" target=\"_blank\" title=\"Godi\u0161nje izvje\u0161\u0107e Odjela za istrage nesre\u0107a u \u017eeljezni\u010dkom prometu za 2020. godinu\" rel=\"noopener\">Godi\u0161nje izvje\u0161\u0107e Odjela za istrage nesre\u0107a u \u017eeljezni\u010dkom prometu za 2020. godinu<\/a><\/li>\n<li><a href=\"https:\/\/ain.hr\/wp-content\/uploads\/2022\/12\/godisnje_izvjesce_odjela_za_istrage_nesreca_u_zeljeznickom_prometu_za_2019_godinu.pdf\" target=\"_blank\" title=\"Godi\u0161nje izvje\u0161\u0107e Odjela za istrage nesre\u0107a u \u017eeljezni\u010dkom prometu za 2019. godinu\" rel=\"noopener\">Godi\u0161nje izvje\u0161\u0107e Odjela za istrage nesre\u0107a u \u017eeljezni\u010dkom prometu za 2019. godinu<\/a><\/li>\n<\/ul>\n<p>[\/et_pb_text][et_pb_text ul_item_indent=&#8221;35px&#8221; _builder_version=&#8221;4.27.5&#8243; _module_preset=&#8221;default&#8221; header_2_text_align=&#8221;left&#8221; text_orientation=&#8221;justified&#8221; hover_enabled=&#8221;0&#8243; text_font_size_tablet=&#8221;15px&#8221; text_font_size_phone=&#8221;14px&#8221; text_font_size_last_edited=&#8221;off|desktop&#8221; global_colors_info=&#8221;{}&#8221; sticky_enabled=&#8221;0&#8243;]<\/p>\n<h3>Godi\u0161nje analize sigurnosti:<\/h3>\n<p><a href=\"https:\/\/ain.hr\/wp-content\/uploads\/2023\/10\/Analiza_sigurnosti_zracnog_prometa_2022.pdf\" target=\"_blank\" title=\"Analiza sigurnosti zra\u010dnog prometa za 2022. godinu\" rel=\"noopener\"><\/a><\/p>\n<ul>\n<li><a href=\"https:\/\/ain.hr\/wp-content\/uploads\/2026\/03\/Analiza-sigurnosti-zracnog-prometa-za-2024.pdf\" target=\"_blank\" title=\"Analiza sigurnosti zra\u010dnog prometa za 2024. godinu\" rel=\"noopener\">Analiza sigurnosti zra\u010dnog prometa za 2024. godinu<\/a><\/li>\n<li><a href=\"https:\/\/ain.hr\/wp-content\/uploads\/2024\/10\/Analiza-sigurnosti-zracnog-prometa_2023.pdf\" target=\"_blank\" title=\"Analiza sigurnosti zra\u010dnog prometa za 2023. godinu\" rel=\"noopener\">Analiza sigurnosti zra\u010dnog prometa za 2023. godinu<\/a><\/li>\n<li><a href=\"https:\/\/ain.hr\/wp-content\/uploads\/2023\/10\/Analiza_sigurnosti_zracnog_prometa_2022.pdf\" target=\"_blank\" title=\"Analiza sigurnosti zra\u010dnog prometa za 2022. godinu\" rel=\"noopener\">Analiza sigurnosti zra\u010dnog prometa za 2022. godinu<\/a><\/li>\n<\/ul>\n<p>[\/et_pb_text][et_pb_text ul_item_indent=&#8221;35px&#8221; disabled_on=&#8221;on|on|on&#8221; _builder_version=&#8221;4.25.1&#8243; _module_preset=&#8221;default&#8221; header_2_text_align=&#8221;left&#8221; text_orientation=&#8221;justified&#8221; text_font_size_tablet=&#8221;15px&#8221; text_font_size_phone=&#8221;14px&#8221; text_font_size_last_edited=&#8221;off|desktop&#8221; disabled=&#8221;on&#8221; global_colors_info=&#8221;{}&#8221;]<\/p>\n<h3>Transparentnost:<\/h3>\n<ul>\n<li><a href=\"https:\/\/ain.hr\/wp-content\/uploads\/2024\/02\/Transparentnost_Izvjesce_01_2024.ods\" target=\"_blank\" title=\"Izvje\u0161\u0107e za sije\u010danj 2024. godine\" rel=\"noopener\">Izvje\u0161\u0107e za sije\u010danj 2024. godine<\/a><\/li>\n<li><a href=\"https:\/\/ain.hr\/wp-content\/uploads\/2024\/03\/Transparentnost_Izvjesce_02_2024.ods\" target=\"_blank\" title=\"Izvje\u0161\u0107e za velja\u010du 2024. godine\" rel=\"noopener\">Izvje\u0161\u0107e za velja\u010du 2024. godine<\/a><\/li>\n<li><a href=\"https:\/\/ain.hr\/wp-content\/uploads\/2024\/04\/Transparentnost_Izvjesce_-03_2024.ods\" target=\"_blank\" title=\"Izvje\u0161\u0107e za o\u017eujak 2024. godine\" rel=\"noopener\">Izvje\u0161\u0107e za o\u017eujak 2024. godine<\/a><\/li>\n<li><a href=\"https:\/\/ain.hr\/wp-content\/uploads\/2024\/05\/TRANSPARENTNOST-04-2024.ods\" target=\"_blank\" rel=\"noopener\" title=\"Izvje\u0161\u0107e za travanj 2024. godine\">Izvje\u0161\u0107e za travanj 2024. godine<\/a><\/li>\n<li><a href=\"https:\/\/ain.hr\/wp-content\/uploads\/2024\/06\/TRANSPARENTNOST-05-2024.ods\" target=\"_blank\" rel=\"noopener\" title=\"Izvje\u0161\u0107e za svibanj 2024. godine\">Izvje\u0161\u0107e za svibanj 2024. godine<\/a><\/li>\n<li><a href=\"https:\/\/ain.hr\/wp-content\/uploads\/2024\/07\/TRANSPARENTNOST-06-2024.ods\" target=\"_blank\" rel=\"noopener\" title=\"Izvje\u0161\u0107e za lipanj 2024. godine\">Izvje\u0161\u0107e za lipanj 2024. godine<\/a><\/li>\n<\/ul>\n<p>[\/et_pb_text][\/et_pb_column][et_pb_column type=&#8221;1_4&#8243; _builder_version=&#8221;4.19.4&#8243; _module_preset=&#8221;default&#8221; global_colors_info=&#8221;{}&#8221;][et_pb_sidebar orientation=&#8221;right&#8221; area=&#8221;et_pb_widget_area_3&#8243; show_border=&#8221;off&#8221; module_class=&#8221;onamaSidebarStyle&#8221; _builder_version=&#8221;4.19.4&#8243; _module_preset=&#8221;default&#8221; global_colors_info=&#8221;{}&#8221;][\/et_pb_sidebar][\/et_pb_column][\/et_pb_row][\/et_pb_section]<\/p>\n","protected":false},"excerpt":{"rendered":"<p>Godi\u0161nja izvje\u0161\u0107a o radu Agencije: Godi\u0161nje izvje\u0161\u0107e o radu Agencije za 2023. godinu Godi\u0161nje izvje\u0161\u0107e o radu Agencije za 2022. godinu Godi\u0161nje izvje\u0161\u0107e o radu Agencije za 2021. godinu Godi\u0161nje izvje\u0161\u0107e o radu Agencije za 2020. godinu Godi\u0161nje izvje\u0161\u0107e o radu Agencije za 2019. godinu Godi\u0161nji financijski izvje\u0161taji: Godi\u0161nji financijski izvje\u0161taj za 2025. godinu Godi\u0161nji [&hellip;]<\/p>\n","protected":false},"author":1,"featured_media":0,"parent":46,"menu_order":0,"comment_status":"closed","ping_status":"closed","template":"","meta":{"_et_pb_use_builder":"on","_et_pb_old_content":"","_et_gb_content_width":"","footnotes":""},"class_list":["post-210","page","type-page","status-publish","hentry"],"_links":{"self":[{"href":"https:\/\/ain.hr\/en\/wp-json\/wp\/v2\/pages\/210","targetHints":{"allow":["GET"]}}],"collection":[{"href":"https:\/\/ain.hr\/en\/wp-json\/wp\/v2\/pages"}],"about":[{"href":"https:\/\/ain.hr\/en\/wp-json\/wp\/v2\/types\/page"}],"author":[{"embeddable":true,"href":"https:\/\/ain.hr\/en\/wp-json\/wp\/v2\/users\/1"}],"replies":[{"embeddable":true,"href":"https:\/\/ain.hr\/en\/wp-json\/wp\/v2\/comments?post=210"}],"version-history":[{"count":3,"href":"https:\/\/ain.hr\/en\/wp-json\/wp\/v2\/pages\/210\/revisions"}],"predecessor-version":[{"id":8113,"href":"https:\/\/ain.hr\/en\/wp-json\/wp\/v2\/pages\/210\/revisions\/8113"}],"up":[{"embeddable":true,"href":"https:\/\/ain.hr\/en\/wp-json\/wp\/v2\/pages\/46"}],"wp:attachment":[{"href":"https:\/\/ain.hr\/en\/wp-json\/wp\/v2\/media?parent=210"}],"curies":[{"name":"wp","href":"https:\/\/api.w.org\/{rel}","templated":true}]}}