{"id":2717,"date":"2022-12-27T13:12:09","date_gmt":"2022-12-27T13:12:09","guid":{"rendered":"https:\/\/ain.hr\/?page_id=2717"},"modified":"2026-01-20T14:04:15","modified_gmt":"2026-01-20T14:04:15","slug":"pravo-na-pristup-informacijama","status":"publish","type":"page","link":"https:\/\/ain.hr\/en\/pravo-na-pristup-informacijama\/","title":{"rendered":"Pravo na pristup informacijama"},"content":{"rendered":"<p>[et_pb_section fb_built=&#8221;1&#8243; _builder_version=&#8221;4.19.4&#8243; _module_preset=&#8221;default&#8221; custom_padding=&#8221;100px||||false|false&#8221; top_divider_style=&#8221;ramp2&#8243; top_divider_color=&#8221;#0C71C3&#8243; top_divider_flip=&#8221;vertical&#8221; global_colors_info=&#8221;{}&#8221;][et_pb_row column_structure=&#8221;3_4,1_4&#8243; _builder_version=&#8221;4.19.4&#8243; _module_preset=&#8221;default&#8221; width=&#8221;95%&#8221; custom_padding=&#8221;0px||0px||false|false&#8221; global_colors_info=&#8221;{}&#8221;][et_pb_column type=&#8221;3_4&#8243; _builder_version=&#8221;4.19.4&#8243; _module_preset=&#8221;default&#8221; global_colors_info=&#8221;{}&#8221;][et_pb_text ul_item_indent=&#8221;35px&#8221; _builder_version=&#8221;4.19.4&#8243; _module_preset=&#8221;default&#8221; header_2_text_align=&#8221;left&#8221; text_orientation=&#8221;justified&#8221; text_font_size_tablet=&#8221;15px&#8221; text_font_size_phone=&#8221;14px&#8221; text_font_size_last_edited=&#8221;on|phone&#8221; global_colors_info=&#8221;{}&#8221;]<\/p>\n<p>Pravo na pristup informacijama koje posjeduje, kojima raspola\u017ee ili koje nadzire Agencija za istra\u017eivanje nesre\u0107a u zra\u010dnom, pomorskom i \u017eeljezni\u010dkom prometu (AIN) ure\u0111eno je Zakonom o pravu na pristup informacijama (NN 25\/13, 85\/15).<\/p>\n<p>Zakonom se propisuju i na\u010dela prava na pristup, izuzeci od prava na pristup te postupak za ostvarivanje i za\u0161titu prava na pristup informacijama. Cilj zakona je omogu\u0107iti i osigurati informaciju fizi\u010dkim i pravnim osobama putem otvorenosti i javnosti djelovanja tijela javne vlasti, sukladno zakonu.<\/p>\n<p>Agencija za istra\u017eivanje nesre\u0107a u zra\u010dnom, pomorskom i \u017eeljezni\u010dkom prometu (AIN) omogu\u0107ava pristup informacijama o svojem radu redovitim objavljivanjem informacija putem internetske stranice te davanjem informacija korisniku koji je podnio AIN-u zahtjev za ostvarivanje prava na pristup informaciji.<\/p>\n<p>Pravo na pristup informacijama ostvaruje se podno\u0161enjem zahtjeva Agenciji za istra\u017eivanje nesre\u0107a u zra\u010dnom, pomorskom i \u017eeljezni\u010dkom prometu. Ukoliko se zahtjev podnosi pismenim putem potrebno je ispuniti Obrazac zahtjeva za pristup informacijama kojeg mo\u017eete poslati<\/p>\n<blockquote>\n<p>na adresu Agencije za istra\u017eivanje nesre\u0107a u zra\u010dnom, pomorskom i \u017eeljezni\u010dkom prometu: Radni\u010dka cesta 177, 10 000 Zagreb<br \/>na broj fax-a: +385 1 8886 831<br \/>elektroni\u010dkom po\u0161tom na: <a href=\"mailto:informiranje@ain.hr\">informiranje@ain.hr<\/a><\/p>\n<\/blockquote>\n<p>ili donijeti osobno u pisarnicu Agencije za istra\u017eivanje nesre\u0107a u zra\u010dnom, pomorskom i \u017eeljezni\u010dkom prometu radnim danom od 08.00 do 16:00 sati.<\/p>\n<p>Prilikom podno\u0161enja zahtjeva nije potrebno platiti dodatnu naknadu uz obrazac.<\/p>\n<p>[\/et_pb_text][et_pb_button button_url=&#8221;https:\/\/ain.hr\/wp-content\/uploads\/2023\/01\/Obrazac-zahtjeva-za-pristup-informacijama.doc&#8221; url_new_window=&#8221;on&#8221; button_text=&#8221;Obrazac zahtjeva za pristup informacijama&#8221; button_alignment=&#8221;center&#8221; _builder_version=&#8221;4.19.4&#8243; _module_preset=&#8221;default&#8221; custom_button=&#8221;on&#8221; button_text_size=&#8221;16px&#8221; button_text_color=&#8221;#FFFFFF&#8221; button_bg_color=&#8221;#247DBC&#8221; button_border_width=&#8221;0px&#8221; button_border_radius=&#8221;0px&#8221; button_icon=&#8221;&#xe092;||divi||400&#8243; button_on_hover=&#8221;off&#8221; custom_margin=&#8221;||10px||false|false&#8221; custom_css_main_element=&#8221;width:100%;&#8221; locked=&#8221;off&#8221; global_colors_info=&#8221;{}&#8221;][\/et_pb_button][et_pb_button button_url=&#8221;https:\/\/ain.hr\/wp-content\/uploads\/2023\/01\/Obrazac-zahtjev-za-dopunu-ili-ispravak-informacije.doc&#8221; url_new_window=&#8221;on&#8221; button_text=&#8221;Obrazac zahtjeva za dopunu ili ispravak informacije&#8221; button_alignment=&#8221;center&#8221; _builder_version=&#8221;4.19.4&#8243; _module_preset=&#8221;default&#8221; custom_button=&#8221;on&#8221; button_text_size=&#8221;16px&#8221; button_text_color=&#8221;#FFFFFF&#8221; button_bg_color=&#8221;#247DBC&#8221; button_border_width=&#8221;0px&#8221; button_border_radius=&#8221;0px&#8221; button_icon=&#8221;&#xe092;||divi||400&#8243; button_on_hover=&#8221;off&#8221; custom_margin=&#8221;||10px||false|false&#8221; custom_css_main_element=&#8221;width:100%;&#8221; locked=&#8221;off&#8221; global_colors_info=&#8221;{}&#8221;][\/et_pb_button][et_pb_button button_url=&#8221;https:\/\/ain.hr\/wp-content\/uploads\/2023\/01\/Obrazac-zahtjev-za-ponovnu-uporabu-informacija-1.doc&#8221; url_new_window=&#8221;on&#8221; button_text=&#8221;Obrazac zahtjeva za ponovnu uporabu informacija&#8221; button_alignment=&#8221;center&#8221; _builder_version=&#8221;4.19.4&#8243; _module_preset=&#8221;default&#8221; custom_button=&#8221;on&#8221; button_text_size=&#8221;16px&#8221; button_text_color=&#8221;#FFFFFF&#8221; button_bg_color=&#8221;#247DBC&#8221; button_border_width=&#8221;0px&#8221; button_border_radius=&#8221;0px&#8221; button_icon=&#8221;&#xe092;||divi||400&#8243; button_on_hover=&#8221;off&#8221; custom_margin=&#8221;||10px||false|false&#8221; custom_css_main_element=&#8221;width:100%;&#8221; locked=&#8221;off&#8221; global_colors_info=&#8221;{}&#8221;][\/et_pb_button][et_pb_text _builder_version=&#8221;4.27.4&#8243; _module_preset=&#8221;default&#8221; global_colors_info=&#8221;{}&#8221;]<\/p>\n<p>&nbsp;<\/p>\n<p>Slu\u017ebenik za informiranje:<\/p>\n<blockquote>\n<p><strong>Slaven Bu\u0161i\u0107<\/strong><\/p>\n<p>Adresa: \u00a0\u00a0\u00a0Radni\u010dka cesta 177, 10 000 Zagreb<br \/>Telefon:\u00a0 \u00a0+385 1 8886 830<br \/>Fax:\u00a0 \u00a0 \u00a0 \u00a0 \u00a0+385 1 8886 831<br \/>E-mail:\u00a0\u00a0\u00a0 \u00a0<a href=\"mailto:informiranje@ain.hr\">informiranje@ain.hr<\/a><\/p>\n<\/blockquote>\n<p>[\/et_pb_text][\/et_pb_column][et_pb_column type=&#8221;1_4&#8243; _builder_version=&#8221;4.19.4&#8243; _module_preset=&#8221;default&#8221; global_colors_info=&#8221;{}&#8221;][et_pb_sidebar orientation=&#8221;right&#8221; area=&#8221;et_pb_widget_area_5&#8243; show_border=&#8221;off&#8221; module_class=&#8221;gdprSidebarStyle&#8221; _builder_version=&#8221;4.19.4&#8243; _module_preset=&#8221;default&#8221; sticky_position=&#8221;top&#8221; sticky_offset_top=&#8221;50px&#8221; sticky_limit_bottom=&#8221;row&#8221; sticky_position_tablet=&#8221;none&#8221; sticky_position_phone=&#8221;none&#8221; sticky_position_last_edited=&#8221;on|desktop&#8221; global_colors_info=&#8221;{}&#8221;][\/et_pb_sidebar][\/et_pb_column][\/et_pb_row][et_pb_row column_structure=&#8221;1_2,1_2&#8243; _builder_version=&#8221;4.19.4&#8243; _module_preset=&#8221;default&#8221; width=&#8221;95%&#8221; global_colors_info=&#8221;{}&#8221;][et_pb_column type=&#8221;1_2&#8243; _builder_version=&#8221;4.19.4&#8243; _module_preset=&#8221;default&#8221; global_colors_info=&#8221;{}&#8221;][et_pb_text _builder_version=&#8221;4.19.4&#8243; _module_preset=&#8221;default&#8221; header_3_text_align=&#8221;center&#8221; custom_margin=&#8221;||20px||false|false&#8221; custom_padding=&#8221;||5px||false|false&#8221; border_width_bottom=&#8221;1px&#8221; border_color_bottom=&#8221;#939598&#8243; global_colors_info=&#8221;{}&#8221;]<\/p>\n<h3>Izvje\u0161\u0107a:<\/h3>\n<p>[\/et_pb_text][et_pb_text ul_item_indent=&#8221;35px&#8221; _builder_version=&#8221;4.27.5&#8243; _module_preset=&#8221;default&#8221; hover_enabled=&#8221;0&#8243; global_colors_info=&#8221;{}&#8221; sticky_enabled=&#8221;0&#8243;]<\/p>\n<ul>\n<li><a title=\"Katalog informacija\" href=\"https:\/\/ain.hr\/docs\/Katalog%20informacija%20AZI.pdf\" target=\"_blank\" rel=\"noopener\">Katalog informacija<\/a><\/li>\n<li><a title=\"Izvje\u0161\u0107e o provedbi Zakona o pravu na pristup informacijama za 2016.\" href=\"https:\/\/ain.hr\/wp-content\/uploads\/2023\/01\/Izvjesce-o-provedbi-Zakona-o-pravu-na-pristup-informacijama-za-2016.pdf\" target=\"_blank\" rel=\"noopener\">Izvje\u0161\u0107e o provedbi Zakona o pravu na pristup informacijama za 2016.<\/a><\/li>\n<li><a title=\"Izvje\u0161\u0107e o provedbi Zakona o pravu na pristup informacijama za 2017.\" href=\"https:\/\/ain.hr\/wp-content\/uploads\/2023\/01\/Izvjesce-o-provedbi-Zakona-o-pravu-na-pristup-informacijama-za-2017.pdf\" target=\"_blank\" rel=\"noopener\">Izvje\u0161\u0107e o provedbi Zakona o pravu na pristup informacijama za 2017.<\/a><\/li>\n<li><a title=\"Izvje\u0161\u0107e o provedbi Zakona o pravu na pristup informacijama za 2018.\" href=\"https:\/\/ain.hr\/wp-content\/uploads\/2023\/01\/Izvjesce-o-provedbi-Zakona-o-pravu-na-pristup-informacijama-za-2018.pdf\" target=\"_blank\" rel=\"noopener\">Izvje\u0161\u0107e o provedbi Zakona o pravu na pristup informacijama za 2018.<\/a><\/li>\n<li><a title=\"Izvje\u0161\u0107e o provedbi Zakona o pravu na pristup informacijama za 2019.\" href=\"https:\/\/ain.hr\/wp-content\/uploads\/2023\/01\/Izvjesce-o-provedbi-Zakona-o-pravu-na-pristup-informacijama-za-2019.pdf\" target=\"_blank\" rel=\"noopener\">Izvje\u0161\u0107e o provedbi Zakona o pravu na pristup informacijama za 2019.<\/a><\/li>\n<li><a title=\"Izvje\u0161\u0107e o provedbi Zakona o pravu na pristup informacijama za 2020.\" href=\"https:\/\/ain.hr\/wp-content\/uploads\/2023\/01\/Izvjesce-o-provedbi-Zakona-o-pravu-na-pristup-informacijama-za-2020.pdf\" target=\"_blank\" rel=\"noopener\">Izvje\u0161\u0107e o provedbi Zakona o pravu na pristup informacijama za 2020.<\/a><\/li>\n<li><a title=\"Izvje\u0161\u0107e o provedbi Zakona o pravu na pristup informacijama za 2021.\" href=\"https:\/\/ain.hr\/wp-content\/uploads\/2023\/01\/Izvjesce-o-provedbi-Zakona-o-pravu-na-pristup-informacijama-za-2021.pdf\" target=\"_blank\" rel=\"noopener\">Izvje\u0161\u0107e o provedbi Zakona o pravu na pristup informacijama za 2021.<\/a><\/li>\n<li><a href=\"https:\/\/ain.hr\/wp-content\/uploads\/2024\/01\/Godisnje_izvjesce_o_provedbi_ZPPI_2022.pdf\" target=\"_blank\" rel=\"noopener\" title=\"Izvje\u0161\u0107e o provedbi Zakona o pravu na pristup informacijama za 2022.\">Izvje\u0161\u0107e o provedbi Zakona o pravu na pristup informacijama za 2022.<\/a><\/li>\n<li><a href=\"https:\/\/ain.hr\/wp-content\/uploads\/2024\/01\/Godisnje_izvjesce_o_provedbi_ZPPI_2023.pdf\" target=\"_blank\" rel=\"noopener\" title=\"Izvje\u0161\u0107e o provedbi Zakona o pravu na pristup informacijama za 2023.\">Izvje\u0161\u0107e o provedbi Zakona o pravu na pristup informacijama za 2023.<\/a><\/li>\n<li><a href=\"https:\/\/ain.hr\/wp-content\/uploads\/2025\/01\/Godisnje_izvjesce_ZPPI_2024.pdf\" target=\"_blank\" rel=\"noopener\" title=\"Izvje\u0161\u0107e o provedbi Zakona o pravu na pristup informacijama za 2024.\">Izvje\u0161\u0107e o provedbi Zakona o pravu na pristup informacijama za 2024.<\/a><\/li>\n<li><a href=\"https:\/\/ain.hr\/wp-content\/uploads\/2026\/01\/Godisnje_izvjesce_ZPPI_2025.pdf\" target=\"_blank\" rel=\"noopener\" title=\"Izvje\u0161\u0107e o provedbi Zakona o pravu na pristup informacijama za 2025.\">Izvje\u0161\u0107e o provedbi Zakona o pravu na pristup informacijama za 2025.<\/a><\/li>\n<\/ul>\n<p>[\/et_pb_text][\/et_pb_column][et_pb_column type=&#8221;1_2&#8243; _builder_version=&#8221;4.19.4&#8243; _module_preset=&#8221;default&#8221; global_colors_info=&#8221;{}&#8221;][et_pb_text _builder_version=&#8221;4.19.4&#8243; _module_preset=&#8221;default&#8221; header_3_text_align=&#8221;center&#8221; custom_margin=&#8221;||20px||false|false&#8221; custom_padding=&#8221;||5px||false|false&#8221; border_width_bottom=&#8221;1px&#8221; border_color_bottom=&#8221;#939598&#8243; global_colors_info=&#8221;{}&#8221;]<\/p>\n<h3>Informacijski linkovi:<\/h3>\n<p>[\/et_pb_text][et_pb_text ul_item_indent=&#8221;35px&#8221; _builder_version=&#8221;4.19.4&#8243; _module_preset=&#8221;default&#8221; global_colors_info=&#8221;{}&#8221;]<\/p>\n<ul>\n<li><a href=\"http:\/\/narodne-novine.nn.hr\/clanci\/sluzbeni\/2013_02_25_403.html\" target=\"_blank\" rel=\"noopener\">Zakon o pravu na pristup informacijama (NN 25\/13)<\/a><\/li>\n<li><a href=\"https:\/\/narodne-novine.nn.hr\/clanci\/sluzbeni\/2015_08_85_1649.html\" target=\"_blank\" rel=\"noopener\">Zakon o izmjenama i dopunama Zakona o pravu na pristup informacijama (NN 85\/15)<\/a><\/li>\n<li><a href=\"https:\/\/sredisnjikatalogrh.gov.hr\/\" target=\"_blank\" rel=\"noopener\">Sredi\u0161nji dr\u017eavni ured za razvoj digitalnog dru\u0161tva &#8211; Sredi\u0161nji katalog (gov.hr)<\/a><\/li>\n<li><a href=\"https:\/\/narodne-novine.nn.hr\/clanci\/sluzbeni\/2014_01_12_231.html\" target=\"_blank\" rel=\"noopener\">Kriteriji za odre\u0111ivanje visine naknade stvarnih materijalnih tro\u0161kova i tro\u0161kova dostave informacije (nn.hr)<\/a><\/li>\n<li><a href=\"https:\/\/narodne-novine.nn.hr\/clanci\/sluzbeni\/2018_09_87_1706.html\" target=\"_blank\" rel=\"noopener\">Uredba o tro\u0161kovima ponovne uporabe informacija (nn.hr)<\/a><\/li>\n<li><a href=\"https:\/\/narodne-novine.nn.hr\/clanci\/sluzbeni\/2015_11_124_2356.html\" target=\"_blank\" rel=\"noopener\">Pravilnik o Sredi\u0161njem katalogu slu\u017ebenih dokumenata Republike Hrvatske (nn.hr)<\/a><\/li>\n<li><a href=\"https:\/\/narodne-novine.nn.hr\/clanci\/sluzbeni\/2017_07_67_1577.html\" target=\"_blank\" rel=\"noopener\">Pravilnik o vrstama i sadr\u017eaju dozvola kojima se utvr\u0111uju uvjeti ponovne uporabe informacija (nn.hr)<\/a><\/li>\n<\/ul>\n<p>[\/et_pb_text][\/et_pb_column][\/et_pb_row][\/et_pb_section]<\/p>\n","protected":false},"excerpt":{"rendered":"<p>Pravo na pristup informacijama koje posjeduje, kojima raspola\u017ee ili koje nadzire Agencija za istra\u017eivanje nesre\u0107a u zra\u010dnom, pomorskom i \u017eeljezni\u010dkom prometu (AIN) ure\u0111eno je Zakonom o pravu na pristup informacijama (NN 25\/13, 85\/15). Zakonom se propisuju i na\u010dela prava na pristup, izuzeci od prava na pristup te postupak za ostvarivanje i za\u0161titu prava na pristup [&hellip;]<\/p>\n","protected":false},"author":1,"featured_media":0,"parent":0,"menu_order":0,"comment_status":"closed","ping_status":"closed","template":"","meta":{"_et_pb_use_builder":"on","_et_pb_old_content":"","_et_gb_content_width":"","footnotes":""},"class_list":["post-2717","page","type-page","status-publish","hentry"],"_links":{"self":[{"href":"https:\/\/ain.hr\/en\/wp-json\/wp\/v2\/pages\/2717","targetHints":{"allow":["GET"]}}],"collection":[{"href":"https:\/\/ain.hr\/en\/wp-json\/wp\/v2\/pages"}],"about":[{"href":"https:\/\/ain.hr\/en\/wp-json\/wp\/v2\/types\/page"}],"author":[{"embeddable":true,"href":"https:\/\/ain.hr\/en\/wp-json\/wp\/v2\/users\/1"}],"replies":[{"embeddable":true,"href":"https:\/\/ain.hr\/en\/wp-json\/wp\/v2\/comments?post=2717"}],"version-history":[{"count":3,"href":"https:\/\/ain.hr\/en\/wp-json\/wp\/v2\/pages\/2717\/revisions"}],"predecessor-version":[{"id":7731,"href":"https:\/\/ain.hr\/en\/wp-json\/wp\/v2\/pages\/2717\/revisions\/7731"}],"wp:attachment":[{"href":"https:\/\/ain.hr\/en\/wp-json\/wp\/v2\/media?parent=2717"}],"curies":[{"name":"wp","href":"https:\/\/api.w.org\/{rel}","templated":true}]}}