{"id":2742,"date":"2022-12-27T13:49:06","date_gmt":"2022-12-27T13:49:06","guid":{"rendered":"https:\/\/ain.hr\/?page_id=2742"},"modified":"2025-02-13T13:54:56","modified_gmt":"2025-02-13T13:54:56","slug":"izjava-o-pristupacnosti","status":"publish","type":"page","link":"https:\/\/ain.hr\/en\/izjava-o-pristupacnosti\/","title":{"rendered":"Izjava o pristupa\u010dnosti"},"content":{"rendered":"<p>[et_pb_section fb_built=&#8221;1&#8243; padding_right_2=&#8221;55px&#8221; padding_top_bottom_link_1=&#8221;false&#8221; padding_top_bottom_link_2=&#8221;false&#8221; padding_left_right_link_1=&#8221;false&#8221; padding_left_right_link_2=&#8221;false&#8221; _builder_version=&#8221;4.19.4&#8243; _module_preset=&#8221;default&#8221; top_divider_style=&#8221;ramp2&#8243; top_divider_color=&#8221;#0C71C3&#8243; top_divider_flip=&#8221;vertical&#8221; global_colors_info=&#8221;{}&#8221;][et_pb_row column_structure=&#8221;3_4,1_4&#8243; _builder_version=&#8221;4.19.4&#8243; _module_preset=&#8221;default&#8221; width=&#8221;95%&#8221; custom_padding=&#8221;||||false|false&#8221; global_colors_info=&#8221;{}&#8221;][et_pb_column type=&#8221;3_4&#8243; _builder_version=&#8221;4.19.4&#8243; _module_preset=&#8221;default&#8221; global_colors_info=&#8221;{}&#8221;][et_pb_text ul_item_indent=&#8221;35px&#8221; ol_type=&#8221;upper-latin&#8221; ol_position=&#8221;outside&#8221; ol_item_indent=&#8221;35px&#8221; _builder_version=&#8221;4.19.4&#8243; _module_preset=&#8221;default&#8221; ul_text_align=&#8221;left&#8221; ul_line_height=&#8221;2em&#8221; ol_text_align=&#8221;left&#8221; ol_line_height=&#8221;2em&#8221; header_2_text_align=&#8221;left&#8221; header_3_text_align=&#8221;left&#8221; text_orientation=&#8221;justified&#8221; text_font_size_tablet=&#8221;15px&#8221; text_font_size_phone=&#8221;14px&#8221; text_font_size_last_edited=&#8221;on|phone&#8221; global_colors_info=&#8221;{}&#8221;]<\/p>\n<p>Agencija za istra\u017eivanje nesre\u0107a u zra\u010dnom, pomorskom i \u017eeljezni\u010dkom prometu nastoji svoje mre\u017ene stranice u\u010diniti pristupa\u010dnima u skladu sa<span>\u00a0<\/span><span><a href=\"http:\/\/sredisnjikatalogrh.gov.hr\/cadial\/searchdoc.php?action=search&amp;lang=hr&amp;query=pristupa%C4%8Dnost&amp;searchText=on&amp;searchTitle=on&amp;resultdetails=basic&amp;bid=%2bELrvTWXEzq35H83vcz6kg%3d%3d&amp;annotate=on\">Zakonom o pristupa\u010dnosti mre\u017enih stranica i programskih rje\u0161enja za pokretne ure\u0111aje tijela javnog sektora Republike Hrvatske\u00a0<\/a><\/span>(\u201eNarodne novine\u201c, broj 17\/19; dalje u tekstu: Zakon) kojim se prenosi<span>\u00a0<\/span><span><a href=\"https:\/\/eur-lex.europa.eu\/legal-content\/HR\/AUTO\/?uri=OJ:L:2016:327:TOC\">Direktiva (EU) 2016\/2102 Europskog parlamenta i Vije\u0107a od 26. listopada 2016. o pristupa\u010dnosti internetskih stranica i mobilnih aplikacija tijela javnog sektora\u00a0<\/a><\/span>(SL L 327, 2.12.2016.). Ova Izjava o pristupa\u010dnosti primjenjuje se na mre\u017eno sjedi\u0161te Agencije za istra\u017eivanje nesre\u0107a u zra\u010dnom, pomorskom i \u017eeljezni\u010dkom prometu koje se nalazi na adresi<span>\u00a0<\/span><span><a href=\"http:\/\/www.ain.hr\/\">http:\/www.ain.hr\/.<\/a><\/span><\/p>\n<h3>Stupanj uskla\u0111enosti<\/h3>\n<p>Mre\u017eno sjedi\u0161te<span>\u00a0<\/span><span><a href=\"http:\/\/www.ain.hr\/\">http:\/www.ain.hr\/<\/a><\/span><span>\u00a0<\/span>u ve\u0107oj mjeri je uskla\u0111eno sa<span>\u00a0<\/span><span><a href=\"http:\/\/sredisnjikatalogrh.gov.hr\/cadial\/searchdoc.php?action=search&amp;lang=hr&amp;query=pristupa%C4%8Dnost&amp;searchText=on&amp;searchTitle=on&amp;resultdetails=basic&amp;bid=%2bELrvTWXEzq35H83vcz6kg%3d%3d&amp;annotate=on\">Zakonom o pristupa\u010dnosti mre\u017enih stranica i programskih rje\u0161enja za pokretne ure\u0111aje tijela javnog sektora Republike Hrvatske<\/a><\/span><\/p>\n<p><strong><\/strong><\/p>\n<h3>Nepristupa\u010dan sadr\u017eaj<\/h3>\n<p>Sadr\u017eaj naveden u nastavku je nepristupa\u010dan iz razloga:<\/p>\n<ul>\n<li>dio slika, datoteka i\/ili poveznica nema prikladan tekstualni opis (alt tekst)<\/li>\n<li>dio postavljenih dokumenata je autorsko djelo tre\u0107ih strana i nisu dostupni u strojno \u010ditljivom obliku<\/li>\n<li>pojedine .pdf datoteke sadr\u017eane u objavama nisu u cijelosti nastale izvozom iz izvori\u0161ne datoteke iz alata Microsoft Office Word uz odabir opcija za pristupa\u010dnost, ve\u0107 skeniranjem tiskanih dokumenata (kako bi se na dokumentu vidio pe\u010dat i potpis), odnosno nisu pristupa\u010dne jer nisu prikladno pripremljene za \u010dita\u010de ekrana<\/li>\n<li>video sadr\u017eajima nedostaju titlovi (autorsko djelo tre\u0107ih strana).<\/li>\n<\/ul>\n<p>Agencija za istra\u017eivanje nesre\u0107a u zra\u010dnom, pomorskom i \u017eeljezni\u010dkom prometu radi na uklanjanju uo\u010denih neuskla\u0111enosti.<\/p>\n<h3>Priprema ove izjave o pristupa\u010dnosti<\/h3>\n<p>Ova je izjava sastavljena 9. o\u017eujka 2022. godine, prema Predlo\u0161ku izjave o pristupa\u010dnosti koji je u skladu s Direktivom (EU) 2016\/2102 Europskog parlamenta i Vije\u0107a o pristupa\u010dnosti internetskih stranica i mobilnih aplikacija tijela javnog sektora, a utvr\u0111en je<span>\u00a0<\/span><span><a href=\"https:\/\/eur-lex.europa.eu\/legal-content\/HR\/TXT\/HTML\/?uri=CELEX:32018D1523&amp;&amp;qid=1590482508144&amp;&amp;from=HR\">Provedbenom odlukom Komisije (EU) 2018\/1523.<\/a><\/span>. Procjena uskla\u0111enosti sa zahtjevima pristupa\u010dnosti rezultat je samoprocjene Agencije za istra\u017eivanje nesre\u0107a u zra\u010dnom, pomorskom i \u017eeljezni\u010dkom prometu. Izjava je zadnji put preispitana 12. velja\u010de 2025. Agencija za istra\u017eivanje nesre\u0107a u zra\u010dnom, pomorskom i \u017eeljezni\u010dkom prometu \u0107e redovito revidirati ovu izjavu po otklanjanju razloga zbog kojih su pojedini sadr\u017eaji bili nepristupa\u010dni. Procjena uskla\u0111enosti sa zahtjevima pristupa\u010dnosti rezultat je samoprocjene Agencije za istra\u017eivanje nesre\u0107a u zra\u010dnom, pomorskom i \u017eeljezni\u010dkom prometu. Agencija za istra\u017eivanje nesre\u0107a u zra\u010dnom, pomorskom i \u017eeljezni\u010dkom prometu \u0107e redovito revidirati ovu izjavu po otklanjanju razloga zbog kojih su pojedini sadr\u017eaji bili nepristupa\u010dni.<\/p>\n<h3>Povratne informacije i podaci za kontakt<\/h3>\n<p>Molimo korisnike ovih mre\u017enih stranica ako primijete neuskla\u0111en sadr\u017eaj, koji nije obuhva\u0107en ovom izjavom, da o tome obavijeste Agenciju za istra\u017eivanje nesre\u0107a u zra\u010dnom, pomorskom i \u017eeljezni\u010dkom prometu. Sve upite vezane uz pristupa\u010dnost mre\u017enog sjedi\u0161ta Agencije za istra\u017eivanje nesre\u0107a u zra\u010dnom, pomorskom i \u017eeljezni\u010dkom prometu korisnici mogu uputiti putem elektroni\u010dke po\u0161te:<span>\u00a0<\/span><span><a href=\"mailto:info@ain.hr\">info@ain.hr.<\/a><\/span><\/p>\n<h3>Postupak pra\u0107enja provedbe propisa<\/h3>\n<p>Povjerenik za informiranje Republike Hrvatske je tijelo nadle\u017eno za pra\u0107enje uskla\u0111enosti mre\u017enih stranica i programskih rje\u0161enja za pokretne ure\u0111aje tijela javnog sektora sa zahtjevima pristupa\u010dnosti kao i za nadzor nad provedbom Zakona. U slu\u010daju nezadovoljavaju\u0107ih odgovora na obavijest ili zahtjev za povratne informacije o pristupa\u010dnosti ovih mre\u017enih stranica, korisnici se mogu obratiti Povjereniku za informiranje putem elektroni\u010dke po\u0161te:<span>\u00a0<\/span><span><a href=\"mailto:pristupacnost@pristupinfo.hr\">pristupacnost@pristupinfo.hr<\/a><\/span>.<\/p>\n<p>[\/et_pb_text][\/et_pb_column][et_pb_column type=&#8221;1_4&#8243; _builder_version=&#8221;4.19.4&#8243; _module_preset=&#8221;default&#8221; global_colors_info=&#8221;{}&#8221;][et_pb_sidebar orientation=&#8221;right&#8221; area=&#8221;et_pb_widget_area_5&#8243; show_border=&#8221;off&#8221; module_class=&#8221;gdprSidebarStyle&#8221; _builder_version=&#8221;4.19.4&#8243; _module_preset=&#8221;default&#8221; sticky_position=&#8221;top&#8221; sticky_offset_top=&#8221;50px&#8221; sticky_limit_bottom=&#8221;row&#8221; sticky_position_tablet=&#8221;none&#8221; sticky_position_phone=&#8221;none&#8221; sticky_position_last_edited=&#8221;on|desktop&#8221; global_colors_info=&#8221;{}&#8221;][\/et_pb_sidebar][\/et_pb_column][\/et_pb_row][\/et_pb_section]<\/p>\n","protected":false},"excerpt":{"rendered":"<p>Agencija za istra\u017eivanje nesre\u0107a u zra\u010dnom, pomorskom i \u017eeljezni\u010dkom prometu nastoji svoje mre\u017ene stranice u\u010diniti pristupa\u010dnima u skladu sa\u00a0Zakonom o pristupa\u010dnosti mre\u017enih stranica i programskih rje\u0161enja za pokretne ure\u0111aje tijela javnog sektora Republike Hrvatske\u00a0(\u201eNarodne novine\u201c, broj 17\/19; dalje u tekstu: Zakon) kojim se prenosi\u00a0Direktiva (EU) 2016\/2102 Europskog parlamenta i Vije\u0107a od 26. listopada 2016. o [&hellip;]<\/p>\n","protected":false},"author":1,"featured_media":0,"parent":0,"menu_order":0,"comment_status":"closed","ping_status":"closed","template":"","meta":{"_et_pb_use_builder":"on","_et_pb_old_content":"","_et_gb_content_width":"","footnotes":""},"class_list":["post-2742","page","type-page","status-publish","hentry"],"_links":{"self":[{"href":"https:\/\/ain.hr\/en\/wp-json\/wp\/v2\/pages\/2742","targetHints":{"allow":["GET"]}}],"collection":[{"href":"https:\/\/ain.hr\/en\/wp-json\/wp\/v2\/pages"}],"about":[{"href":"https:\/\/ain.hr\/en\/wp-json\/wp\/v2\/types\/page"}],"author":[{"embeddable":true,"href":"https:\/\/ain.hr\/en\/wp-json\/wp\/v2\/users\/1"}],"replies":[{"embeddable":true,"href":"https:\/\/ain.hr\/en\/wp-json\/wp\/v2\/comments?post=2742"}],"version-history":[{"count":2,"href":"https:\/\/ain.hr\/en\/wp-json\/wp\/v2\/pages\/2742\/revisions"}],"predecessor-version":[{"id":5640,"href":"https:\/\/ain.hr\/en\/wp-json\/wp\/v2\/pages\/2742\/revisions\/5640"}],"wp:attachment":[{"href":"https:\/\/ain.hr\/en\/wp-json\/wp\/v2\/media?parent=2742"}],"curies":[{"name":"wp","href":"https:\/\/api.w.org\/{rel}","templated":true}]}}