{"id":3184,"date":"2023-01-05T14:26:21","date_gmt":"2023-01-05T14:26:21","guid":{"rendered":"https:\/\/ain.hr\/?page_id=3184"},"modified":"2026-03-02T15:44:15","modified_gmt":"2026-03-02T15:44:15","slug":"prijava-pomorske-nesrece-nezgode","status":"publish","type":"page","link":"https:\/\/ain.hr\/en\/prijava-pomorske-nesrece-nezgode\/","title":{"rendered":"Prijava pomorske nesre\u0107e\/nezgode"},"content":{"rendered":"<p>[et_pb_section fb_built=&#8221;1&#8243; custom_padding_last_edited=&#8221;on|phone&#8221; _builder_version=&#8221;4.19.4&#8243; _module_preset=&#8221;default&#8221; custom_padding=&#8221;100px||0px||false|false&#8221; custom_padding_tablet=&#8221;100px||||false|false&#8221; custom_padding_phone=&#8221;50px||||false|false&#8221; top_divider_style=&#8221;ramp2&#8243; top_divider_color=&#8221;#0C71C3&#8243; top_divider_flip=&#8221;vertical&#8221; top_divider_height_tablet=&#8221;&#8221; top_divider_height_phone=&#8221;60px&#8221; top_divider_height_last_edited=&#8221;on|phone&#8221; global_colors_info=&#8221;{}&#8221;][et_pb_row column_structure=&#8221;2_3,1_3&#8243; _builder_version=&#8221;4.19.4&#8243; _module_preset=&#8221;default&#8221; width=&#8221;95%&#8221; custom_padding=&#8221;0px||105px||false|false&#8221; global_colors_info=&#8221;{}&#8221;][et_pb_column type=&#8221;2_3&#8243; _builder_version=&#8221;4.19.4&#8243; _module_preset=&#8221;default&#8221; global_colors_info=&#8221;{}&#8221;][et_pb_text ul_item_indent=&#8221;35px&#8221; _builder_version=&#8221;4.23.4&#8243; _module_preset=&#8221;default&#8221; global_colors_info=&#8221;{}&#8221;]<\/p>\n<h3>Prijava pomorske nesre\u0107e\/nezgode<\/h3>\n<p>\u010clankom 49.lj Pomorskog zakonika (\u201eNarodne novine\u201c, broj 181\/04, 76\/07, 146\/08, 61\/11, 56\/13, 26\/15, 17\/19) propisana je obveza obavje\u0161\u0107ivanja Agencije za istra\u017eivanje nesre\u0107a u zra\u010dnom, pomorskom i \u017eeljezni\u010dkom prometu o pomorskim nesre\u0107ama i nezgodama kako slijedi:<\/p>\n<ul>\n<li><em>Sva tijela javne vlasti koja su nadle\u017ena za pomorski promet i sigurnost plovidbe te druga dr\u017eavna tijela, kao i sve fizi\u010dke i pravne osobe koje steknu saznanje o doga\u0111aju pomorske nesre\u0107e ili su u pomorsku nesre\u0107u uklju\u010deni, du\u017eni su bez odga\u0111anja o tome obavijestiti Agenciju, sukladno posebnom propisu kojim se ure\u0111uje na\u010din, uvjeti i ovlasti za obavljanje sigurnosnih istraga pomorskih nesre\u0107a.<\/em><\/li>\n<\/ul>\n<p><strong>Obavijest o pomorskoj nesre\u0107i ili nezgodi mogu\u0107e je dostaviti Agenciji za istra\u017eivanje nesre\u0107a u zra\u010dnom, pomorskom i \u017eeljezni\u010dkom prometu na sljede\u0107e na\u010dine:<\/strong><\/p>\n<ul>\n<li>elektroni\u010dkom po\u0161tom na adresu: <a href=\"mailto:maritime.safety@ain.hr\" title=\"maritime.safety@ain.hr\">maritime.safety@ain.hr<\/a><\/li>\n<li>telefonskim pozivom na brojeve: +385 1 8886 830 \/ +385 99 8071 302<\/li>\n<li>ispunjavanjem obrasca putem <a href=\"https:\/\/portal.emsa.europa.eu\/emcip-public\/#\/dashboard\">EMCIP platforme (European Marine Casualty Information Platform)<\/a>, ozna\u010div\u0161i pritom obavje\u0161tavanje tijela \u201eCroatia \u2013 AIN\u201c.<\/li>\n<\/ul>\n<p>Obavijest o pomorskoj nesre\u0107i ili nezgodi mora minimalno sadr\u017eavati opis pomorske nesre\u0107e ili nezgode, vrijeme i poziciju pomorske nesre\u0107e ili nezgode te identifikaciju plovila koje je ili koja su povezana s pomorskom nesre\u0107om odnosno nezgodom koja se prijavljuje. Osim navedenog sadr\u017eaja, \u010dlankom 10. stavkom 2. <a href=\"https:\/\/narodne-novine.nn.hr\/clanci\/sluzbeni\/2015_11_122_2310.html\">Uredbe o na\u010dinu i uvjetima za obavljanje sigurnosnih istraga pomorskih nesre\u0107a i nezgoda (\u201eNarodne novine\u201c, broj 122\/15)<\/a> propisan je i preporu\u010deni op\u0161irniji sadr\u017eaj takve obavijesti.<\/p>\n<p>[\/et_pb_text][et_pb_text _builder_version=&#8221;4.23.4&#8243; _module_preset=&#8221;default&#8221; background_color=&#8221;#939598&#8243; text_orientation=&#8221;center&#8221; background_layout=&#8221;dark&#8221; custom_margin=&#8221;0px||0px||false|false&#8221; custom_padding=&#8221;25px||15px||false|false&#8221; border_width_bottom=&#8221;2px&#8221; border_color_bottom=&#8221;#FFC000&#8243; global_colors_info=&#8221;{}&#8221;]<\/p>\n<h3>Obavijest o doga\u0111aju pomorske nesre\u0107e ili nezgode<\/h3>\n<p>[\/et_pb_text][et_pb_contact_form use_spam_service=&#8221;on&#8221; recaptcha_list=&#8221;ainhr ReCaptcha v3|ainhr ReCaptcha v3-0&#8243; email=&#8221;maritime.safety@ain.hr&#8221; success_message=&#8221;<\/p>\n<p style=%22text-align: center;%22>Hvala na prijavi! U slu\u010daju dodatnih pitanja povratno \u0107emo Vas kontaktirati.<\/p>\n<p>&#8221; submit_button_text=&#8221;Po\u0161alji&#8221; admin_label=&#8221;Contact Form&#8221; _builder_version=&#8221;4.27.5&#8243; _module_preset=&#8221;default&#8221; _unique_id=&#8221;7d746ab6-3617-4b42-8473-ed6bd249ea64&#8243; form_field_background_color=&#8221;#FFFFFF&#8221; form_field_text_color=&#8221;#000000&#8243; form_field_focus_background_color=&#8221;#efefef&#8221; form_field_custom_margin=&#8221;||||false|false&#8221; custom_button=&#8221;on&#8221; button_text_color=&#8221;#FFFFFF&#8221; button_bg_color=&#8221;#247DBC&#8221; button_border_width=&#8221;0px&#8221; button_border_radius=&#8221;33px&#8221; button_icon=&#8221;&#x41;||divi||400&#8243; button_on_hover=&#8221;off&#8221; button_custom_padding=&#8221;5px|55px|5px|35px|false|false&#8221; custom_padding=&#8221;||33px|||&#8221; hover_enabled=&#8221;0&#8243; custom_css_contact_button=&#8221;z-index:100 !important;&#8221; use_custom_message_richtext=&#8221;on&#8221; custom_message_richtext=&#8221;<\/p>\n<table border=%221%22 cellpadding=%223px%22 style=%22max-width: 800px;%22>\n<tbody>\n<tr>\n<th width=%2230%%22 style=%22text-align: left;%22 scope=%22row%22>Podnositelj obavijesti<\/th>\n<td>%%podnositeljObavijesti%%<\/td>\n<\/tr>\n<tr>\n<th width=%2230%%22 style=%22text-align: left;%22 scope=%22row%22>E-mail podnositelja obavijesti<\/th>\n<td>%%podnositeljEmail%%<\/td>\n<\/tr>\n<tr>\n<th width=%2230%%22 style=%22text-align: left;%22 scope=%22row%22>Kontakt podaci<\/th>\n<td>%%kontaktPodaci%%<\/td>\n<\/tr>\n<tr>\n<th width=%2230%%22 style=%22text-align: left;%22 scope=%22row%22>Ime i zastava broda<\/th>\n<td>%%ImeBroda%%<\/td>\n<\/tr>\n<tr>\n<th width=%2230%%22 style=%22text-align: left;%22 scope=%22row%22>IMO broj i zastava broda<\/th>\n<td>%%IMObrojBroda%%<\/td>\n<\/tr>\n<tr>\n<th width=%2230%%22 style=%22text-align: left;%22 scope=%22row%22>Datum nesre\u0107e<\/th>\n<td>%%datumNesrece%%<\/td>\n<\/tr>\n<tr>\n<th width=%2230%%22 style=%22text-align: left;%22 scope=%22row%22>Vrijeme nesre\u0107e (UTC)<\/th>\n<td>%%vrijemeNesrece%%<\/td>\n<\/tr>\n<tr>\n<th width=%2230%%22 style=%22text-align: left;%22 scope=%22row%22>Vrsta pomorske nesre\u0107e<\/th>\n<td>%%vrstaPomorskeNesrece%%<\/td>\n<\/tr>\n<tr>\n<th width=%2230%%22 style=%22text-align: left;%22 scope=%22row%22>Pozicija nesre\u0107e (GPS)<\/th>\n<td>%%pozicijaNesrece%%<\/td>\n<\/tr>\n<tr>\n<th width=%2230%%22 style=%22text-align: left;%22 scope=%22row%22>Trenutna pozicija broda<\/th>\n<td>%%trenutnaPozicijaBroda%%<\/td>\n<\/tr>\n<tr>\n<th width=%2230%%22 style=%22text-align: left;%22 scope=%22row%22>Podaci o teretu \/ putnicima<\/th>\n<td>%%podaciTeretuPutnicima%%<\/td>\n<\/tr>\n<tr>\n<th width=%2230%%22 style=%22text-align: left;%22 scope=%22row%22>Detalji o nesre\u0107i<\/th>\n<td>%%nedostaciOstecenja%%<\/td>\n<\/tr>\n<tr>\n<th width=%2230%%22 style=%22text-align: left;%22 scope=%22row%22>Podaci o ostalim brodovima ako su sudjelovali u nesre\u0107i<\/th>\n<td>%%podaciOstalimBrodovima%%<\/td>\n<\/tr>\n<\/tbody>\n<\/table>\n<p>Sla\u017ee se sa obradom podataka, i prihvatio je<a href=%22https:\/\/ain.hr\/politika-privatnosti\/%22 data-et-target-link=%22_blank%22 rel=%22noopener%22 title=%22Politika privatnosti%22> politiku privatnosti.<\/a><\/p>\n<\/p>\n<p>Server datum i vrijeme podno\u0161enja obrasca: {datetime}<\/p>\n<p>&#8221; admin_email_subject=&#8221;Nova obavijest o doga\u0111aju pomorske nesre\u0107e ili nezgode&#8221; save_files_to_db=&#8221;off&#8221; send_files_as_attachment=&#8221;off&#8221; collect_ip_useragent_details=&#8221;on&#8221; use_confirmation_email=&#8221;on&#8221; confirmation_email_field_id=&#8221;podnositeljEmail&#8221; confirmation_email_subject=&#8221;Obavijest o doga\u0111aju pomorske nesre\u0107e ili nezgode &#8211; potvrda&#8221; confirmation_email_from_name=&#8221;AIN&#8221; confirmation_email_from=&#8221;maritime.safety@ain.hr&#8221; use_confirmation_message_richtext=&#8221;on&#8221; confirmation_message_richtext=&#8221;<\/p>\n<p style=%22text-align: center;%22>Hvala na prijavi! U slu\u010daju dodatnih pitanja povratno \u0107emo Vas kontaktirati. Za sve dodatne informacije i\/ili nejasno\u0107e mo\u017eete nas kontaktirati na <a href=%22mailto:maritime.safety@ain.hr%22>maritime.safety@ain.hr<\/a><\/p>\n<p><strong>Predani podaci:<\/strong><\/p>\n<table border=%221%22 cellpadding=%223px%22 style=%22max-width: 800px;%22>\n<tbody>\n<tr>\n<th width=%2230%%22 style=%22text-align: left;%22 scope=%22row%22>Podnositelj obavijesti<\/th>\n<td>%%podnositeljObavijesti%%<\/td>\n<\/tr>\n<tr>\n<th width=%2230%%22 style=%22text-align: left;%22 scope=%22row%22>E-mail podnositelja obavijesti<\/th>\n<td>%%podnositeljEmail%%<\/td>\n<\/tr>\n<tr>\n<th width=%2230%%22 style=%22text-align: left;%22 scope=%22row%22>Kontakt podaci<\/th>\n<td>%%kontaktPodaci%%<\/td>\n<\/tr>\n<tr>\n<th width=%2230%%22 style=%22text-align: left;%22 scope=%22row%22>Datum obavijesti<\/th>\n<td>%%datumObavijesti%%<\/td>\n<\/tr>\n<tr>\n<th width=%2230%%22 style=%22text-align: left;%22 scope=%22row%22>Vrijeme obavijesti<\/th>\n<td>%%vrijemeObavijesti%%<\/td>\n<\/tr>\n<tr>\n<th width=%2230%%22 style=%22text-align: left;%22 scope=%22row%22>Ime i zastava broda<\/th>\n<td>%%ImeZastavaBroda%%<\/td>\n<\/tr>\n<tr>\n<th width=%2230%%22 style=%22text-align: left;%22 scope=%22row%22>IMO broj broda<\/th>\n<td>%%IMObrojBroda%%<\/td>\n<\/tr>\n<tr>\n<th width=%2230%%22 style=%22text-align: left;%22 scope=%22row%22>Datum nesre\u0107e<\/th>\n<td>%%datumNesrece%%<\/td>\n<\/tr>\n<tr>\n<th width=%2230%%22 style=%22text-align: left;%22 scope=%22row%22>Vrijeme nesre\u0107e<\/th>\n<td>%%vrijemeNesrece%%<\/td>\n<\/tr>\n<tr>\n<th width=%2230%%22 style=%22text-align: left;%22 scope=%22row%22>Vrsta pomorske nesre\u0107e<\/th>\n<td>%%vrstaPomorskeNesrece%%<\/td>\n<\/tr>\n<tr>\n<th width=%2230%%22 style=%22text-align: left;%22 scope=%22row%22>Pozicija nesre\u0107e<\/th>\n<td>%%pozicijaNesrece%%<\/td>\n<\/tr>\n<tr>\n<th width=%2230%%22 style=%22text-align: left;%22 scope=%22row%22>Trenutna pozicija broda<\/th>\n<td>%%trenutnaPozicijaBroda%%<\/td>\n<\/tr>\n<tr>\n<th width=%2230%%22 style=%22text-align: left;%22 scope=%22row%22>Smjer plovidbe i\/ili luke uplovljenja<\/th>\n<td>%%smjer%%<\/td>\n<\/tr>\n<tr>\n<th width=%2230%%22 style=%22text-align: left;%22 scope=%22row%22>Broj posade<\/th>\n<td>%%brojPosade%%<\/td>\n<\/tr>\n<tr>\n<th width=%2230%%22 style=%22text-align: left;%22 scope=%22row%22>Podaci o teretu \/ putnicima<\/th>\n<td>%%podaciTeretuPutnicima%%<\/td>\n<\/tr>\n<tr>\n<th width=%2230%%22 style=%22text-align: left;%22 scope=%22row%22>Broj ozbiljno ozlije\u0111enih, poginulih i\/ili nestalih<\/th>\n<td>%%brojOzlijedenih%%<\/td>\n<\/tr>\n<tr>\n<th width=%2230%%22 style=%22text-align: left;%22 scope=%22row%22>Nedostaci i\/ili o\u0161te\u0107enju broda ili njihova procjena<\/th>\n<td>%%nedostaciOstecenja%%<\/td>\n<\/tr>\n<tr>\n<th width=%2230%%22 style=%22text-align: left;%22 scope=%22row%22>Stupanj one\u010di\u0161\u0107enja ili njihova procjena<\/th>\n<td>%%stupanjOneciscenja%%<\/td>\n<\/tr>\n<tr>\n<th width=%2230%%22 style=%22text-align: left;%22 scope=%22row%22>Procjena opasnosti od posljedica nesre\u0107e ili nezgoda po ljude, imovinu i okoli\u0161<\/th>\n<td>%%procjenaOpasnosti%%<\/td>\n<\/tr>\n<tr>\n<th width=%2230%%22 style=%22text-align: left;%22 scope=%22row%22>Podaci o ostalim brodovima ako su sudjelovali u nesre\u0107i, kako je navedeno u to\u010dkama 5., 6., 10., 11. i 12.<\/th>\n<td>%%podaciOstalimBrodovima%%<\/td>\n<\/tr>\n<\/tbody>\n<\/table>\n<p>&#8221; submit_button_wait_text=&#8221;U obradi&#8230;&#8221; submit_button_alignment=&#8221;center&#8221; field_label_color=&#8221;#FFFFFF&#8221; field_label_alignment=&#8221;left&#8221; field_label_margin=&#8221;||0px||false|false&#8221; field_label_padding=&#8221;5px|15px|5px|15px|false|false&#8221; field_label_background=&#8221;#247DBC&#8221; datetimepicker_padding=&#8221;||||false|false&#8221; contact_message_location=&#8221;bottom&#8221; errormessage_wrapper_padding=&#8221;45px|||25px|false|false&#8221; use_honeypot=&#8221;on&#8221; global_colors_info=&#8221;{}&#8221; sticky_enabled=&#8221;0&#8243;][et_pb_contact_field field_id=&#8221;podnositeljObavijesti&#8221; field_title=&#8221;Podnositelj obavijesti&#8221; fullwidth_field=&#8221;on&#8221; _builder_version=&#8221;4.27.0&#8243; custom_margin=&#8221;||0px||false|false&#8221; use_field_label=&#8221;on&#8221; show_field_labels_left=&#8221;on&#8221; field_label_width=&#8221;30%&#8221; global_colors_info=&#8221;{}&#8221; button_text_size__hover_enabled=&#8221;off&#8221; button_one_text_size__hover_enabled=&#8221;off&#8221; button_two_text_size__hover_enabled=&#8221;off&#8221; button_text_color__hover_enabled=&#8221;off&#8221; button_one_text_color__hover_enabled=&#8221;off&#8221; button_two_text_color__hover_enabled=&#8221;off&#8221; button_border_width__hover_enabled=&#8221;off&#8221; button_one_border_width__hover_enabled=&#8221;off&#8221; button_two_border_width__hover_enabled=&#8221;off&#8221; button_border_color__hover_enabled=&#8221;off&#8221; button_one_border_color__hover_enabled=&#8221;off&#8221; button_two_border_color__hover_enabled=&#8221;off&#8221; button_border_radius__hover_enabled=&#8221;off&#8221; button_one_border_radius__hover_enabled=&#8221;off&#8221; button_two_border_radius__hover_enabled=&#8221;off&#8221; button_letter_spacing__hover_enabled=&#8221;off&#8221; button_one_letter_spacing__hover_enabled=&#8221;off&#8221; button_two_letter_spacing__hover_enabled=&#8221;off&#8221; button_bg_color__hover_enabled=&#8221;off&#8221; button_one_bg_color__hover_enabled=&#8221;off&#8221; button_two_bg_color__hover_enabled=&#8221;off&#8221;][\/et_pb_contact_field][et_pb_contact_field field_id=&#8221;podnositeljEmail&#8221; field_title=&#8221;E-mail adresa podnositelja obavijesti&#8221; field_type=&#8221;email&#8221; fullwidth_field=&#8221;on&#8221; _builder_version=&#8221;4.27.0&#8243; custom_margin=&#8221;||0px||false|false&#8221; use_field_label=&#8221;on&#8221; show_field_labels_left=&#8221;on&#8221; field_label_width=&#8221;30%&#8221; field_placeholder=&#8221;E-mail adresa&#8221; global_colors_info=&#8221;{}&#8221; button_text_size__hover_enabled=&#8221;off&#8221; button_one_text_size__hover_enabled=&#8221;off&#8221; button_two_text_size__hover_enabled=&#8221;off&#8221; button_text_color__hover_enabled=&#8221;off&#8221; button_one_text_color__hover_enabled=&#8221;off&#8221; button_two_text_color__hover_enabled=&#8221;off&#8221; button_border_width__hover_enabled=&#8221;off&#8221; button_one_border_width__hover_enabled=&#8221;off&#8221; button_two_border_width__hover_enabled=&#8221;off&#8221; button_border_color__hover_enabled=&#8221;off&#8221; button_one_border_color__hover_enabled=&#8221;off&#8221; button_two_border_color__hover_enabled=&#8221;off&#8221; button_border_radius__hover_enabled=&#8221;off&#8221; button_one_border_radius__hover_enabled=&#8221;off&#8221; button_two_border_radius__hover_enabled=&#8221;off&#8221; button_letter_spacing__hover_enabled=&#8221;off&#8221; button_one_letter_spacing__hover_enabled=&#8221;off&#8221; button_two_letter_spacing__hover_enabled=&#8221;off&#8221; button_bg_color__hover_enabled=&#8221;off&#8221; button_one_bg_color__hover_enabled=&#8221;off&#8221; button_two_bg_color__hover_enabled=&#8221;off&#8221;][\/et_pb_contact_field][et_pb_contact_field field_id=&#8221;kontaktPodaci&#8221; field_title=&#8221;Kontakt podaci&#8221; fullwidth_field=&#8221;on&#8221; _builder_version=&#8221;4.23.4&#8243; custom_margin=&#8221;||0px||false|false&#8221; use_field_label=&#8221;on&#8221; show_field_labels_left=&#8221;on&#8221; field_label_width=&#8221;30%&#8221; global_colors_info=&#8221;{}&#8221; button_text_size__hover_enabled=&#8221;off&#8221; button_one_text_size__hover_enabled=&#8221;off&#8221; button_two_text_size__hover_enabled=&#8221;off&#8221; button_text_color__hover_enabled=&#8221;off&#8221; button_one_text_color__hover_enabled=&#8221;off&#8221; button_two_text_color__hover_enabled=&#8221;off&#8221; button_border_width__hover_enabled=&#8221;off&#8221; button_one_border_width__hover_enabled=&#8221;off&#8221; button_two_border_width__hover_enabled=&#8221;off&#8221; button_border_color__hover_enabled=&#8221;off&#8221; button_one_border_color__hover_enabled=&#8221;off&#8221; button_two_border_color__hover_enabled=&#8221;off&#8221; button_border_radius__hover_enabled=&#8221;off&#8221; button_one_border_radius__hover_enabled=&#8221;off&#8221; button_two_border_radius__hover_enabled=&#8221;off&#8221; button_letter_spacing__hover_enabled=&#8221;off&#8221; button_one_letter_spacing__hover_enabled=&#8221;off&#8221; button_two_letter_spacing__hover_enabled=&#8221;off&#8221; button_bg_color__hover_enabled=&#8221;off&#8221; button_one_bg_color__hover_enabled=&#8221;off&#8221; button_two_bg_color__hover_enabled=&#8221;off&#8221;][\/et_pb_contact_field][et_pb_contact_field field_id=&#8221;ImeBroda&#8221; field_title=&#8221;Ime broda&#8221; fullwidth_field=&#8221;on&#8221; _builder_version=&#8221;4.27.5&#8243; _module_preset=&#8221;default&#8221; custom_margin=&#8221;||0px||false|false&#8221; use_field_label=&#8221;on&#8221; show_field_labels_left=&#8221;on&#8221; field_label_width=&#8221;30%&#8221; global_colors_info=&#8221;{}&#8221;][\/et_pb_contact_field][et_pb_contact_field field_id=&#8221;IMObrojBroda&#8221; field_title=&#8221;IMO broj i zastava broda&#8221; fullwidth_field=&#8221;on&#8221; _builder_version=&#8221;4.27.5&#8243; _module_preset=&#8221;default&#8221; custom_margin=&#8221;||0px||false|false&#8221; use_field_label=&#8221;on&#8221; show_field_labels_left=&#8221;on&#8221; field_label_width=&#8221;30%&#8221; global_colors_info=&#8221;{}&#8221;][\/et_pb_contact_field][et_pb_contact_field field_id=&#8221;datumNesrece&#8221; field_title=&#8221;Datum nesre\u0107e&#8221; fullwidth_field=&#8221;on&#8221; _builder_version=&#8221;4.23.4&#8243; _module_preset=&#8221;default&#8221; custom_margin=&#8221;||0px||false|false&#8221; use_field_label=&#8221;on&#8221; show_field_labels_left=&#8221;on&#8221; field_label_width=&#8221;30%&#8221; use_datetime=&#8221;on&#8221; datetime_type=&#8221;date&#8221; global_colors_info=&#8221;{}&#8221;][\/et_pb_contact_field][et_pb_contact_field field_id=&#8221;vrijemeNesrece&#8221; field_title=&#8221;Vrijeme nesre\u0107e&#8221; fullwidth_field=&#8221;on&#8221; _builder_version=&#8221;4.27.5&#8243; _module_preset=&#8221;default&#8221; custom_margin=&#8221;||0px||false|false&#8221; use_field_label=&#8221;on&#8221; show_field_labels_left=&#8221;on&#8221; field_label_width=&#8221;30%&#8221; global_colors_info=&#8221;{}&#8221;][\/et_pb_contact_field][et_pb_contact_field field_id=&#8221;pozicijaNesrece&#8221; field_title=&#8221;Pozicija nesre\u0107e (GPS)&#8221; fullwidth_field=&#8221;on&#8221; _builder_version=&#8221;4.27.5&#8243; _module_preset=&#8221;default&#8221; custom_margin=&#8221;||0px||false|false&#8221; use_field_label=&#8221;on&#8221; show_field_labels_left=&#8221;on&#8221; field_label_width=&#8221;30%&#8221; field_placeholder=&#8221;Primjer 45\u00b0 53.915127&#8242; N | 016\u00b0 01.986634&#8242;&#8221; global_colors_info=&#8221;{}&#8221;][\/et_pb_contact_field][et_pb_contact_field field_id=&#8221;trenutnaPozicijaBroda&#8221; field_title=&#8221;Trenutna pozicija broda (GPS) &#8221; fullwidth_field=&#8221;on&#8221; _builder_version=&#8221;4.27.5&#8243; _module_preset=&#8221;default&#8221; custom_margin=&#8221;||0px||false|false&#8221; use_field_label=&#8221;on&#8221; show_field_labels_left=&#8221;on&#8221; field_label_width=&#8221;30%&#8221; field_placeholder=&#8221;Primjer 45\u00b0 53.915127&#8242; N | 016\u00b0 01.986634&#8242;&#8221; global_colors_info=&#8221;{}&#8221;][\/et_pb_contact_field][et_pb_contact_field field_id=&#8221;podaciTeretuPutnicima&#8221; field_title=&#8221;Podaci o teretu \/ putnicima&#8221; field_type=&#8221;text&#8221; fullwidth_field=&#8221;on&#8221; _builder_version=&#8221;4.23.4&#8243; _module_preset=&#8221;default&#8221; custom_margin=&#8221;||0px||false|false&#8221; use_field_label=&#8221;on&#8221; show_field_labels_left=&#8221;on&#8221; field_label_width=&#8221;30%&#8221; global_colors_info=&#8221;{}&#8221;][\/et_pb_contact_field][et_pb_contact_field field_id=&#8221;nedostaciOstecenja&#8221; field_title=&#8221;Detalji o nesre\u0107i&#8221; field_type=&#8221;text&#8221; fullwidth_field=&#8221;on&#8221; _builder_version=&#8221;4.27.5&#8243; _module_preset=&#8221;default&#8221; custom_margin=&#8221;||0px||false|false&#8221; use_field_label=&#8221;on&#8221; show_field_labels_left=&#8221;on&#8221; field_label_width=&#8221;30%&#8221; global_colors_info=&#8221;{}&#8221;][\/et_pb_contact_field][et_pb_contact_field field_id=&#8221;podaciOstalimBrodovima&#8221; field_title=&#8221;Podaci o ostalim brodovima ako su  sudjelovali u nesre\u0107i&#8221; field_type=&#8221;text&#8221; fullwidth_field=&#8221;on&#8221; _builder_version=&#8221;4.27.5&#8243; _module_preset=&#8221;default&#8221; custom_margin=&#8221;||||false|false&#8221; use_field_label=&#8221;on&#8221; show_field_labels_left=&#8221;on&#8221; field_label_width=&#8221;30%&#8221; global_colors_info=&#8221;{}&#8221;][\/et_pb_contact_field][et_pb_contact_field field_id=&#8221;gdpr&#8221; field_title=&#8221;Politika privatnosti&#8221; field_type=&#8221;checkbox&#8221; checkbox_options=&#8221;%91{%22value%22:%22Pro\u010ditao sam %22,%22checked%22:0,%22dragID%22:-1,%22link_url%22:%22https:\/\/ain.hr\/politika-privatnosti\/%22,%22link_text%22:%22politiku privatnosti%22}%93&#8243; fullwidth_field=&#8221;on&#8221; _builder_version=&#8221;4.27.0&#8243; _module_preset=&#8221;default&#8221; form_field_text_align=&#8221;center&#8221; text_orientation=&#8221;center&#8221; custom_margin=&#8221;10px||||false|false&#8221; custom_padding=&#8221;||||false|false&#8221; global_colors_info=&#8221;{}&#8221;][\/et_pb_contact_field][\/et_pb_contact_form][\/et_pb_column][et_pb_column type=&#8221;1_3&#8243; _builder_version=&#8221;4.19.4&#8243; _module_preset=&#8221;default&#8221; global_colors_info=&#8221;{}&#8221;][et_pb_text _builder_version=&#8221;4.19.4&#8243; _module_preset=&#8221;default&#8221; custom_margin=&#8221;||20px||false|false&#8221; border_width_bottom=&#8221;1px&#8221; border_color_bottom=&#8221;#bababa&#8221; locked=&#8221;off&#8221; global_colors_info=&#8221;{}&#8221;]<\/p>\n<h3 style=\"text-align: center;\">Linkovi<\/h3>\n<p>[\/et_pb_text][et_pb_button button_url=&#8221;https:\/\/portal.emsa.europa.eu\/emcip-public\/#\/dashboard&#8221; url_new_window=&#8221;on&#8221; button_text=&#8221;Prijava pomorske nesre\u0107e\/nezgode putem EMCIP platforme&#8221; button_alignment=&#8221;center&#8221; _builder_version=&#8221;4.19.4&#8243; _module_preset=&#8221;default&#8221; custom_button=&#8221;on&#8221; button_text_size=&#8221;15px&#8221; button_text_color=&#8221;#FFFFFF&#8221; button_bg_color=&#8221;#247DBC&#8221; button_border_width=&#8221;0px&#8221; button_border_radius=&#8221;0px&#8221; button_font=&#8221;|300|||||||&#8221; button_icon=&#8221;&#xf35d;||fa||900&#8243; button_on_hover=&#8221;off&#8221; custom_margin=&#8221;||55px||false|false&#8221; custom_padding=&#8221;15px||15px||false|false&#8221; custom_css_main_element=&#8221;width:100%;&#8221; locked=&#8221;off&#8221; global_colors_info=&#8221;{}&#8221;][\/et_pb_button][et_pb_sidebar orientation=&#8221;right&#8221; area=&#8221;et_pb_widget_area_1&#8243; show_border=&#8221;off&#8221; disabled_on=&#8221;on|on|on&#8221; module_class=&#8221;istrageSidebarStyle&#8221; _builder_version=&#8221;4.19.4&#8243; _module_preset=&#8221;default&#8221; disabled=&#8221;on&#8221; global_colors_info=&#8221;{}&#8221;][\/et_pb_sidebar][\/et_pb_column][\/et_pb_row][\/et_pb_section]<\/p>\n","protected":false},"excerpt":{"rendered":"<p>Prijava pomorske nesre\u0107e\/nezgode \u010clankom 49.lj Pomorskog zakonika (\u201eNarodne novine\u201c, broj 181\/04, 76\/07, 146\/08, 61\/11, 56\/13, 26\/15, 17\/19) propisana je obveza obavje\u0161\u0107ivanja Agencije za istra\u017eivanje nesre\u0107a u zra\u010dnom, pomorskom i \u017eeljezni\u010dkom prometu o pomorskim nesre\u0107ama i nezgodama kako slijedi: Sva tijela javne vlasti koja su nadle\u017ena za pomorski promet i sigurnost plovidbe te druga dr\u017eavna tijela, [&hellip;]<\/p>\n","protected":false},"author":1,"featured_media":0,"parent":0,"menu_order":0,"comment_status":"closed","ping_status":"closed","template":"","meta":{"_et_pb_use_builder":"on","_et_pb_old_content":"","_et_gb_content_width":"","footnotes":""},"class_list":["post-3184","page","type-page","status-publish","hentry"],"_links":{"self":[{"href":"https:\/\/ain.hr\/en\/wp-json\/wp\/v2\/pages\/3184","targetHints":{"allow":["GET"]}}],"collection":[{"href":"https:\/\/ain.hr\/en\/wp-json\/wp\/v2\/pages"}],"about":[{"href":"https:\/\/ain.hr\/en\/wp-json\/wp\/v2\/types\/page"}],"author":[{"embeddable":true,"href":"https:\/\/ain.hr\/en\/wp-json\/wp\/v2\/users\/1"}],"replies":[{"embeddable":true,"href":"https:\/\/ain.hr\/en\/wp-json\/wp\/v2\/comments?post=3184"}],"version-history":[{"count":3,"href":"https:\/\/ain.hr\/en\/wp-json\/wp\/v2\/pages\/3184\/revisions"}],"predecessor-version":[{"id":8048,"href":"https:\/\/ain.hr\/en\/wp-json\/wp\/v2\/pages\/3184\/revisions\/8048"}],"wp:attachment":[{"href":"https:\/\/ain.hr\/en\/wp-json\/wp\/v2\/media?parent=3184"}],"curies":[{"name":"wp","href":"https:\/\/api.w.org\/{rel}","templated":true}]}}