{"id":50,"date":"2022-08-17T13:02:28","date_gmt":"2022-08-17T13:02:28","guid":{"rendered":"https:\/\/ain.hr\/?page_id=50"},"modified":"2026-01-13T13:20:35","modified_gmt":"2026-01-13T13:20:35","slug":"javna-nabava","status":"publish","type":"page","link":"https:\/\/ain.hr\/en\/javna-nabava\/","title":{"rendered":"Javna nabava"},"content":{"rendered":"<p>[et_pb_section fb_built=&#8221;1&#8243; _builder_version=&#8221;4.19.4&#8243; _module_preset=&#8221;default&#8221; custom_padding=&#8221;100px||||false|false&#8221; top_divider_style=&#8221;ramp2&#8243; top_divider_color=&#8221;#0C71C3&#8243; top_divider_flip=&#8221;vertical&#8221; global_colors_info=&#8221;{}&#8221;][et_pb_row column_structure=&#8221;3_4,1_4&#8243; _builder_version=&#8221;4.19.4&#8243; _module_preset=&#8221;default&#8221; width=&#8221;95%&#8221; custom_padding=&#8221;0px||0px||false|false&#8221; global_colors_info=&#8221;{}&#8221;][et_pb_column type=&#8221;3_4&#8243; _builder_version=&#8221;4.19.4&#8243; _module_preset=&#8221;default&#8221; global_colors_info=&#8221;{}&#8221;][et_pb_text ul_item_indent=&#8221;35px&#8221; ol_type=&#8221;upper-latin&#8221; ol_position=&#8221;outside&#8221; ol_item_indent=&#8221;35px&#8221; _builder_version=&#8221;4.19.4&#8243; _module_preset=&#8221;default&#8221; ul_line_height=&#8221;2em&#8221; ol_line_height=&#8221;2em&#8221; header_2_text_align=&#8221;left&#8221; header_3_text_align=&#8221;left&#8221; text_orientation=&#8221;justified&#8221; text_font_size_tablet=&#8221;15px&#8221; text_font_size_phone=&#8221;14px&#8221; text_font_size_last_edited=&#8221;on|phone&#8221; global_colors_info=&#8221;{}&#8221;]<\/p>\n<h2>Javna nabava, sprje\u010davanje sukoba interesa<\/h2>\n<p>Na temelju \u010dlanka 13. Zakona o javnoj nabavi (NN br. 90\/11) obavje\u0161tavamo da ravnatelj, zamjenik ravnatelja, glavni istra\u017eitelje te ostali ovla\u0161teni predstavnici Agencije za istra\u017eivanje nesre\u0107a u zra\u010dnom, pomorskom i \u017eeljezni\u010dkom prometu (u daljnjem tekstu: Agencija) istovremeno ne obavljaju upravlja\u010dke poslove u gospodarskom subjektu niti su vlasnici poslovnog udjela, dionica odnosno drugih prava na temelju kojih bi sudjelovali u upravljanju odnosno u kapitalu tog gospodarskog subjekta s vi\u0161e od 0,5%.<\/p>\n<p>[\/et_pb_text][et_pb_text ul_item_indent=&#8221;35px&#8221; _builder_version=&#8221;4.27.5&#8243; _module_preset=&#8221;default&#8221; hover_enabled=&#8221;0&#8243; global_colors_info=&#8221;{}&#8221; sticky_enabled=&#8221;0&#8243;]<\/p>\n<p><strong>Planovi nabave<\/strong><\/p>\n<div class=\"col-md-8\">\n<ul>\n<li><a title=\"Plan nabave Agencije za 2026. godinu\" href=\"https:\/\/ain.hr\/wp-content\/uploads\/2026\/01\/Plan-nabave-2026.xlsx\" target=\"_blank\" rel=\"noopener\">Plan nabave Agencije za 2026. godinu<\/a><\/li>\n<li><a title=\"Plan nabave Agencije za 2025. godinu - 4.rebalans\" href=\"https:\/\/ain.hr\/wp-content\/uploads\/2025\/10\/Izmijenjena-verzija-plana-javne-nabave_16102025.xlsx\" target=\"_blank\" rel=\"noopener\">Plan nabave Agencije za 2025. godinu &#8211; 4.rebalans<\/a><\/li>\n<li><a title=\"Plan nabave Agencije za 2025. godinu - 3.rebalans\" href=\"https:\/\/ain.hr\/wp-content\/uploads\/2025\/08\/Izmijenjena-verzija-plana-javne-nabave_25082025.xlsx\" target=\"_blank\" rel=\"noopener\">Plan nabave Agencije za 2025. godinu &#8211; 3.rebalans<\/a><\/li>\n<li><a title=\"Plan nabave Agencije za 2025. godinu - 2.rebalans\" href=\"https:\/\/ain.hr\/wp-content\/uploads\/2025\/07\/Izmijenjena-verzija-plana-javne-nabave_07072025.xlsx\" target=\"_blank\" rel=\"noopener\">Plan nabave Agencije za 2025. godinu &#8211; 2.rebalans<\/a><\/li>\n<li><a title=\"Plan nabave Agencije za 2025. godinu - 1.rebalans\" href=\"https:\/\/ain.hr\/wp-content\/uploads\/2025\/07\/Izmijenjena-verzija-plana-javne-nabave_04072025.xlsx\" target=\"_blank\" rel=\"noopener\">Plan nabave Agencije za 2025. godinu &#8211; 1.rebalans<\/a><\/li>\n<li><a title=\"Plan nabave Agencije za 2025. godinu\" href=\"https:\/\/ain.hr\/wp-content\/uploads\/2025\/02\/Plan-nabave_2025_1.xlsx\" target=\"_blank\" rel=\"noopener\">Plan nabave Agencije za 2025. godinu<\/a><\/li>\n<li><a title=\"Plan nabave Agencije za 2024. godinu - 5. rebalans\" href=\"https:\/\/ain.hr\/wp-content\/uploads\/2024\/11\/Izmijenjena-verzija-plana-javne-nabave_v6_2024.xlsx\" target=\"_blank\" rel=\"noopener\">Plan nabave Agencije za 2024. godinu &#8211; 5. rebalans<\/a><\/li>\n<li><a title=\"Plan nabave Agencije za 2024. godinu - 4. rebalans\" href=\"https:\/\/ain.hr\/wp-content\/uploads\/2024\/10\/Izmijenjena-verzija-plana-javne-nabave_2024_4_rebalans.xlsx\" target=\"_blank\" rel=\"noopener\">Plan nabave Agencije za 2024. godinu &#8211; 4. rebalans<\/a><\/li>\n<li><a title=\"Plan nabave Agencije za 2024. godinu - 3. rebalans\" href=\"https:\/\/ain.hr\/wp-content\/uploads\/2024\/09\/Plan_javne_nabave_2024_v4.xlsx\" target=\"_blank\" rel=\"noopener\">Plan nabave Agencije za 2024. godinu &#8211; 3. rebalans<\/a><\/li>\n<li><a title=\"Plan nabave Agencije za 2024. godinu - 2. rebalans\" href=\"https:\/\/ain.hr\/wp-content\/uploads\/2024\/09\/Plan_javne_nabave_2024_v3.xlsx\" target=\"_blank\" rel=\"noopener\">Plan nabave Agencije za 2024. godinu &#8211; 2. rebalans<\/a><\/li>\n<li><a title=\"Plan nabave Agencije za 2024. godinu - 1. rebalans\" href=\"https:\/\/ain.hr\/wp-content\/uploads\/2024\/03\/Izmijenjena-verzija-plana-javne-nabave_2024_verzija2.xlsx\" target=\"_blank\" rel=\"noopener\">Plan nabave Agencije za 2024. godinu &#8211; 1. rebalans<\/a><\/li>\n<li><a title=\"Plan nabave Agencije za 2024. godinu\" href=\"https:\/\/ain.hr\/wp-content\/uploads\/2024\/02\/Plan_nabave_2024.xlsx\" target=\"_blank\" rel=\"noopener\">Plan nabave Agencije za 2024. godinu<\/a><\/li>\n<li><a href=\"https:\/\/ain.hr\/wp-content\/uploads\/2023\/08\/Plan_nabave_Agencije_2023_1_rebalans.pdf\" target=\"_blank\" rel=\"noopener\" title=\"Plan nabave Agencije za 2023. godinu - 1. rebalans\">Plan nabave Agencije za 2023. godinu &#8211; 1. rebalans<\/a><\/li>\n<li><a title=\"Plan nabave Agencije za 2023. godinu\" href=\"https:\/\/ain.hr\/wp-content\/uploads\/2023\/01\/Plan-nabave-za-2023.pdf\">Plan nabave Agencije za 2023. godinu<\/a><\/li>\n<li><a title=\"Plan nabave Agencije za 2022. godinu\" href=\"https:\/\/ain.hr\/wp-content\/uploads\/2022\/12\/Plan-nabave-Agencije-za-2022.-godinu.pdf\">Plan nabave Agencije za 2022. godinu<\/a><\/li>\n<li><a title=\"Plan nabave Agencije za 2021. godinu\" href=\"https:\/\/ain.hr\/wp-content\/uploads\/2022\/12\/Plan-nabave-Agencije-za-2021.-godinu.pdf\">Plan nabave Agencije za 2021. godinu<\/a><\/li>\n<li><a title=\"Plan nabave Agencije za 2020. godinu\" href=\"https:\/\/ain.hr\/wp-content\/uploads\/2022\/12\/Plan-nabave-Agencije-za-2020.-godinu.pdf\">Plan nabave Agencije za 2020. godinu<\/a><\/li>\n<\/ul>\n<p><strong>Ugovori<\/strong><\/p>\n<ul>\n<li><a title=\"Registar ugovora\" href=\"https:\/\/ain.hr\/wp-content\/uploads\/2025\/05\/Registar-ugovora-2024.xlsx\" target=\"_blank\" rel=\"noopener\">Registar ugovora<\/a><\/li>\n<\/ul>\n<p><strong>Pravilnik<\/strong><\/p>\n<ul>\n<li><a href=\"https:\/\/ain.hr\/wp-content\/uploads\/2023\/01\/Pravilnik-o-provedbi-postupaka-jednostavne-nabave-roba-radova-i-usluga-2022.pdf\">Pravilnik o planiranju i provedbi postupaka nabave na koje se ne primjenjuje ZJN<\/a><\/li>\n<li><a href=\"https:\/\/ain.hr\/wp-content\/uploads\/2023\/05\/Izmjene-i-dopune-pravilnika-o-nabavi.pdf\" target=\"_blank\" rel=\"noopener\" title=\"Izmjene i dopune Pravilnika o provedbi postupaka jednostavne nabave roba, radova i usluga\">Izmjene i dopune Pravilnika o provedbi postupaka jednostavne nabave roba, radova i usluga<\/a><\/li>\n<\/ul>\n<p><strong>Izjave<\/strong><\/p>\n<ul>\n<li><a href=\"https:\/\/ain.hr\/wp-content\/uploads\/2025\/02\/Izjava-o-nepostojanju-sukoba_Alana-Vukic.pdf\" target=\"_blank\" rel=\"noopener\" title=\"Izjava o postojanju \/ ne postojanju sukoba interesa u smislu \u010dlanka 13. Zakona o javnoj nabavi - Alana Vuki\u0107\">Izjava o postojanju \/ ne postojanju sukoba interesa u smislu \u010dlanka 13. Zakona o javnoj nabavi &#8211; Alana Vuki\u0107<\/a><\/li>\n<li><a href=\"https:\/\/ain.hr\/wp-content\/uploads\/2025\/02\/Izjava-o-nepostojanju-sukoba_Petra-Tovernic-Jakicic.pdf\" target=\"_blank\" rel=\"noopener\" title=\"Izjava o postojanju \/ ne postojanju sukoba interesa u smislu \u010dlanka 13. Zakona o javnoj nabavi - Petra Toverni\u0107 Jaki\u010di\u0107\">Izjava o postojanju \/ ne postojanju sukoba interesa u smislu \u010dlanka 13. Zakona o javnoj nabavi &#8211; Petra Toverni\u0107 Jaki\u010di\u0107<\/a><\/li>\n<\/ul>\n<\/div>\n<p>[\/et_pb_text][et_pb_text _builder_version=&#8221;4.27.4&#8243; _module_preset=&#8221;default&#8221; global_colors_info=&#8221;{}&#8221;]<\/p>\n<p><strong>Ovla\u0161teni predstavnici Naru\u010ditelja sa va\u017ee\u0107im certifikatom u podru\u010dju javne nabave:<\/strong><\/p>\n<blockquote>\n<p><strong>Petra Toverni\u0107 Jaki\u010di\u0107<\/strong><br \/>Adresa: \u00a0\u00a0\u00a0Radni\u010dka cesta 177, 10 000 Zagreb<br \/>Telefon:\u00a0 \u00a0+385 1 8886 830<br \/>Fax:\u00a0 \u00a0 \u00a0 \u00a0 \u00a0+385 1 8886 831<br \/>E-mail:\u00a0\u00a0\u00a0 \u00a0<a href=\"mailto:nabava@ain.hr\">nabava@ain.hr<\/a><\/p>\n<\/blockquote>\n<p>[\/et_pb_text][\/et_pb_column][et_pb_column type=&#8221;1_4&#8243; _builder_version=&#8221;4.19.4&#8243; _module_preset=&#8221;default&#8221; global_colors_info=&#8221;{}&#8221;][et_pb_sidebar orientation=&#8221;right&#8221; area=&#8221;et_pb_widget_area_3&#8243; show_border=&#8221;off&#8221; module_class=&#8221;onamaSidebarStyle&#8221; _builder_version=&#8221;4.19.4&#8243; _module_preset=&#8221;default&#8221; global_colors_info=&#8221;{}&#8221;][\/et_pb_sidebar][\/et_pb_column][\/et_pb_row][\/et_pb_section]<\/p>\n","protected":false},"excerpt":{"rendered":"<p>Javna nabava, sprje\u010davanje sukoba interesa Na temelju \u010dlanka 13. Zakona o javnoj nabavi (NN br. 90\/11) obavje\u0161tavamo da ravnatelj, zamjenik ravnatelja, glavni istra\u017eitelje te ostali ovla\u0161teni predstavnici Agencije za istra\u017eivanje nesre\u0107a u zra\u010dnom, pomorskom i \u017eeljezni\u010dkom prometu (u daljnjem tekstu: Agencija) istovremeno ne obavljaju upravlja\u010dke poslove u gospodarskom subjektu niti su vlasnici poslovnog udjela, dionica [&hellip;]<\/p>\n","protected":false},"author":1,"featured_media":0,"parent":0,"menu_order":0,"comment_status":"closed","ping_status":"closed","template":"","meta":{"_et_pb_use_builder":"on","_et_pb_old_content":"","_et_gb_content_width":"","footnotes":""},"class_list":["post-50","page","type-page","status-publish","hentry"],"_links":{"self":[{"href":"https:\/\/ain.hr\/en\/wp-json\/wp\/v2\/pages\/50","targetHints":{"allow":["GET"]}}],"collection":[{"href":"https:\/\/ain.hr\/en\/wp-json\/wp\/v2\/pages"}],"about":[{"href":"https:\/\/ain.hr\/en\/wp-json\/wp\/v2\/types\/page"}],"author":[{"embeddable":true,"href":"https:\/\/ain.hr\/en\/wp-json\/wp\/v2\/users\/1"}],"replies":[{"embeddable":true,"href":"https:\/\/ain.hr\/en\/wp-json\/wp\/v2\/comments?post=50"}],"version-history":[{"count":3,"href":"https:\/\/ain.hr\/en\/wp-json\/wp\/v2\/pages\/50\/revisions"}],"predecessor-version":[{"id":7695,"href":"https:\/\/ain.hr\/en\/wp-json\/wp\/v2\/pages\/50\/revisions\/7695"}],"wp:attachment":[{"href":"https:\/\/ain.hr\/en\/wp-json\/wp\/v2\/media?parent=50"}],"curies":[{"name":"wp","href":"https:\/\/api.w.org\/{rel}","templated":true}]}}