{"id":5172,"date":"2024-07-26T11:50:37","date_gmt":"2024-07-26T11:50:37","guid":{"rendered":"https:\/\/ain.hr\/?page_id=5172"},"modified":"2026-04-02T09:43:30","modified_gmt":"2026-04-02T09:43:30","slug":"transparentnost","status":"publish","type":"page","link":"https:\/\/ain.hr\/en\/o-nama\/transparentnost\/","title":{"rendered":"Transparentnost"},"content":{"rendered":"<p>[et_pb_section fb_built=&#8221;1&#8243; _builder_version=&#8221;4.19.4&#8243; _module_preset=&#8221;default&#8221; custom_padding=&#8221;100px||||false|false&#8221; top_divider_style=&#8221;ramp2&#8243; top_divider_color=&#8221;#0C71C3&#8243; top_divider_flip=&#8221;vertical&#8221; global_colors_info=&#8221;{}&#8221;][et_pb_row column_structure=&#8221;3_4,1_4&#8243; _builder_version=&#8221;4.19.4&#8243; _module_preset=&#8221;default&#8221; width=&#8221;95%&#8221; custom_padding=&#8221;||0px||false|false&#8221; global_colors_info=&#8221;{}&#8221;][et_pb_column type=&#8221;3_4&#8243; _builder_version=&#8221;4.19.4&#8243; _module_preset=&#8221;default&#8221; global_colors_info=&#8221;{}&#8221;][et_pb_text ul_item_indent=&#8221;35px&#8221; _builder_version=&#8221;4.27.5&#8243; _module_preset=&#8221;default&#8221; header_2_text_align=&#8221;left&#8221; hover_enabled=&#8221;0&#8243; text_font_size_tablet=&#8221;15px&#8221; text_font_size_phone=&#8221;14px&#8221; text_font_size_last_edited=&#8221;off|desktop&#8221; global_colors_info=&#8221;{}&#8221; sticky_enabled=&#8221;0&#8243;]<\/p>\n<h3>Transparentnost:<\/h3>\n<p>&nbsp;<\/p>\n<table border=\"1\" style=\"border-collapse: collapse; width: 100%; height: 1030px;\">\n<tbody>\n<tr style=\"height: 24px;\">\n<td style=\"width: 50%; text-align: center; height: 24px;\"><strong>LINK NA IZVJE\u0160\u0106E (ods\/excel)<\/strong><\/td>\n<td style=\"width: 50%; text-align: center; height: 24px;\"><strong>Datum objave<\/strong><\/td>\n<\/tr>\n<tr style=\"height: 24px;\">\n<td style=\"width: 50%; text-align: center; height: 24px;\"><a href=\"https:\/\/ain.hr\/wp-content\/uploads\/2024\/02\/Transparentnost_Izvjesce_01_2024.ods\" target=\"_blank\" title=\"Izvje\u0161\u0107e za sije\u010danj 2024. godine\" rel=\"noopener\">Izvje\u0161\u0107e za sije\u010danj 2024. godine<\/a><\/td>\n<td style=\"width: 50%; height: 24px; text-align: center;\">19.02.2024.<\/td>\n<\/tr>\n<tr style=\"height: 10px;\">\n<td style=\"width: 50%; height: 10px; text-align: center;\"><a href=\"https:\/\/ain.hr\/wp-content\/uploads\/2024\/03\/Transparentnost_Izvjesce_02_2024.ods\" target=\"_blank\" title=\"Izvje\u0161\u0107e za velja\u010du 2024. godine\" rel=\"noopener\">Izvje\u0161\u0107e za velja\u010du 2024. godine<\/a><\/td>\n<td style=\"width: 50%; height: 10px; text-align: center;\">19.03.2024.<\/td>\n<\/tr>\n<tr style=\"height: 10px;\">\n<td style=\"width: 50%; height: 10px; text-align: center;\"><a href=\"https:\/\/ain.hr\/wp-content\/uploads\/2024\/04\/Transparentnost_Izvjesce_-03_2024.ods\" target=\"_blank\" title=\"Izvje\u0161\u0107e za o\u017eujak 2024. godine\" rel=\"noopener\">Izvje\u0161\u0107e za o\u017eujak 2024. godine<\/a><\/td>\n<td style=\"width: 50%; height: 10px; text-align: center;\">19.04.2024.<\/td>\n<\/tr>\n<tr style=\"height: 10px;\">\n<td style=\"width: 50%; height: 10px; text-align: center;\"><a href=\"https:\/\/ain.hr\/wp-content\/uploads\/2024\/05\/TRANSPARENTNOST-04-2024.ods\" target=\"_blank\" rel=\"noopener\" title=\"Izvje\u0161\u0107e za travanj 2024. godine\">Izvje\u0161\u0107e za travanj 2024. godine<\/a><\/td>\n<td style=\"width: 50%; height: 10px; text-align: center;\">17.05.2024.<\/td>\n<\/tr>\n<tr style=\"height: 10px;\">\n<td style=\"width: 50%; height: 10px; text-align: center;\">\n<p style=\"text-align: center;\"><a href=\"https:\/\/ain.hr\/wp-content\/uploads\/2024\/06\/TRANSPARENTNOST-05-2024.ods\" target=\"_blank\" rel=\"noopener\" title=\"Izvje\u0161\u0107e za svibanj 2024. godine\">Izvje\u0161\u0107e za svibanj 2024. godine<\/a><\/p>\n<\/td>\n<td style=\"width: 50%; height: 10px; text-align: center;\">17.06.2024.<\/td>\n<\/tr>\n<tr style=\"height: 10px;\">\n<td style=\"width: 50%; height: 10px; text-align: center;\">\n<p style=\"text-align: center;\"><a href=\"https:\/\/ain.hr\/wp-content\/uploads\/2024\/07\/TRANSPARENTNOST-06-2024.ods\" target=\"_blank\" rel=\"noopener\" title=\"Izvje\u0161\u0107e za lipanj 2024. godine\">Izvje\u0161\u0107e za lipanj 2024. godine<\/a><\/p>\n<\/td>\n<td style=\"width: 50%; height: 10px; text-align: center;\">19.07.2024.<\/td>\n<\/tr>\n<tr style=\"height: 55px;\">\n<td style=\"width: 50%; text-align: center; height: 55px;\">\n<p style=\"text-align: center;\"><a href=\"https:\/\/ain.hr\/wp-content\/uploads\/2024\/08\/TRANSPARENTNOST-07-2024.ods\" target=\"_blank\" rel=\"noopener\" title=\"Izvje\u0161\u0107e za srpanj 2024. godine\">Izvje\u0161\u0107e za srpanj 2024. godine<\/a><\/p>\n<\/td>\n<td style=\"width: 50%; text-align: center; height: 55px;\">09.08.2024.<\/td>\n<\/tr>\n<tr style=\"height: 56px;\">\n<td style=\"width: 50%; text-align: center; height: 56px;\">\n<p style=\"text-align: center;\"><a href=\"https:\/\/ain.hr\/wp-content\/uploads\/2024\/09\/TRANSPARENTNOST-08-2024.ods\" target=\"_blank\" rel=\"noopener\" title=\"Izvje\u0161\u0107e za kolovoz 2024. godine\">Izvje\u0161\u0107e za kolovoz 2024. godine<\/a><\/p>\n<\/td>\n<td style=\"width: 50%; text-align: center; height: 56px;\">11.09.2024.<\/td>\n<\/tr>\n<tr style=\"height: 56px;\">\n<td style=\"width: 50%; text-align: center; height: 56px;\">\n<p style=\"text-align: center;\"><a href=\"https:\/\/ain.hr\/wp-content\/uploads\/2024\/10\/TRANSPARENTNOST-09-2024.ods\" target=\"_blank\" rel=\"noopener\" title=\"Izvje\u0161\u0107e za rujan 2024. godine\">Izvje\u0161\u0107e za rujan 2024. godine<\/a><\/p>\n<\/td>\n<td style=\"width: 50%; text-align: center; height: 56px;\">14.10.2024.<\/td>\n<\/tr>\n<tr style=\"height: 56px;\">\n<td style=\"width: 50%; text-align: center; height: 56px;\">\n<p style=\"text-align: center;\"><a href=\"https:\/\/ain.hr\/wp-content\/uploads\/2024\/11\/TRANSPARENTNOST-10-2024.ods\" target=\"_blank\" rel=\"noopener\" title=\"Izvje\u0161\u0107e za listopad 2024. godine\">Izvje\u0161\u0107e za listopad 2024. godine<\/a><\/p>\n<\/td>\n<td style=\"width: 50%; text-align: center; height: 56px;\">13.11.2024.<\/td>\n<\/tr>\n<tr style=\"height: 56px;\">\n<td style=\"width: 50%; text-align: center; height: 56px;\">\n<p style=\"text-align: center;\"><a href=\"https:\/\/ain.hr\/wp-content\/uploads\/2024\/12\/TRANSPARENTNOST-11-2024.ods\" target=\"_blank\" rel=\"noopener\" title=\"Izvje\u0161\u0107e za listopad 2024. godine\">Izvje\u0161\u0107e za studeni 2024. godine<\/a><\/p>\n<\/td>\n<td style=\"width: 50%; text-align: center; height: 56px;\">11.12.2024.<\/td>\n<\/tr>\n<tr style=\"height: 56px;\">\n<td style=\"width: 50%; text-align: center; height: 56px;\">\n<p style=\"text-align: center;\"><a href=\"https:\/\/ain.hr\/wp-content\/uploads\/2025\/02\/TRANSPARENTNOST-12-2024.ods\" target=\"_blank\" rel=\"noopener\" title=\"Izvje\u0161\u0107e za prosinac 2024. godine\">Izvje\u0161\u0107e za prosinac 2024. godine<\/a><\/p>\n<\/td>\n<td style=\"width: 50%; text-align: center; height: 56px;\">15.1.2025.<\/td>\n<\/tr>\n<tr style=\"height: 56px;\">\n<td style=\"width: 50%; text-align: center; height: 56px;\">\n<p style=\"text-align: center;\"><a href=\"https:\/\/ain.hr\/wp-content\/uploads\/2025\/02\/TRANSPARENTNOST-01-2025.ods\" target=\"_blank\" rel=\"noopener\" title=\"Izvje\u0161\u0107e za sije\u010danj 2025. godine\">Izvje\u0161\u0107e za sije\u010danj 2025. godine<\/a><\/p>\n<\/td>\n<td style=\"width: 50%; text-align: center; height: 56px;\">17.2.2025.<\/td>\n<\/tr>\n<tr style=\"height: 56px;\">\n<td style=\"width: 50%; text-align: center; height: 56px;\">\n<p style=\"text-align: center;\"><a href=\"https:\/\/ain.hr\/wp-content\/uploads\/2025\/03\/TRANSPARENTNOST-02-2025.ods\" target=\"_blank\" rel=\"noopener\" title=\"Izvje\u0161\u0107e za velja\u010du 2025. godine\">Izvje\u0161\u0107e za velja\u010du 2025. godine<\/a><\/p>\n<\/td>\n<td style=\"width: 50%; text-align: center; height: 56px;\">17.3.2025.<\/td>\n<\/tr>\n<tr style=\"height: 56px;\">\n<td style=\"width: 50%; text-align: center; height: 56px;\">\n<p style=\"text-align: center;\"><a href=\"https:\/\/ain.hr\/wp-content\/uploads\/2025\/04\/TRANSPARENTNOST-03-2025.ods\" target=\"_blank\" rel=\"noopener\" title=\"Izvje\u0161\u0107e za o\u017eujak 2025. godine\">Izvje\u0161\u0107e za o\u017eujak 2025. godine<\/a><\/p>\n<\/td>\n<td style=\"width: 50%; text-align: center; height: 56px;\">10.4.2025.<\/td>\n<\/tr>\n<tr style=\"height: 56px;\">\n<td style=\"width: 50%; text-align: center; height: 56px;\">\n<p style=\"text-align: center;\"><a href=\"https:\/\/ain.hr\/wp-content\/uploads\/2025\/05\/TRANSPARENTNOST-04-2025.ods\" target=\"_blank\" rel=\"noopener\" title=\"Izvje\u0161\u0107e za travanj 2025. godine\">Izvje\u0161\u0107e za travanj 2025. godine<\/a><\/p>\n<\/td>\n<td style=\"width: 50%; text-align: center; height: 56px;\">8.5.2025.<\/td>\n<\/tr>\n<tr style=\"height: 56px;\">\n<td style=\"width: 50%; text-align: center; height: 56px;\">\n<p style=\"text-align: center;\"><a href=\"https:\/\/ain.hr\/wp-content\/uploads\/2025\/06\/TRANSPARENTNOST-05-2025.ods\" target=\"_blank\" rel=\"noopener\" title=\"Izvje\u0161\u0107e za svibanj 2025. godine\">Izvje\u0161\u0107e za svibanj 2025. godine<\/a><\/p>\n<\/td>\n<td style=\"width: 50%; text-align: center; height: 56px;\">13.6.2025.<\/td>\n<\/tr>\n<tr style=\"height: 55px;\">\n<td style=\"width: 50%; text-align: center; height: 55px;\">\n<p style=\"text-align: center;\"><a href=\"https:\/\/ain.hr\/wp-content\/uploads\/2025\/07\/TRANSPARENTNOST-06-2025.ods\" target=\"_blank\" rel=\"noopener\" title=\"Izvje\u0161\u0107e za lipanj 2025. godine\">Izvje\u0161\u0107e za lipanj 2025. godine<\/a><\/p>\n<\/td>\n<td style=\"width: 50%; text-align: center; height: 55px;\">8.7.2025.<\/td>\n<\/tr>\n<tr style=\"height: 55px;\">\n<td style=\"width: 50%; text-align: center; height: 55px;\">\n<p style=\"text-align: center;\"><a href=\"https:\/\/ain.hr\/wp-content\/uploads\/2025\/08\/TRANSPARENTNOST-07-2025.ods\" target=\"_blank\" rel=\"noopener\" title=\"Izvje\u0161\u0107e za srpanj 2025. godine\">Izvje\u0161\u0107e za srpanj 2025. godine<\/a><\/p>\n<\/td>\n<td style=\"width: 50%; text-align: center; height: 55px;\">6.8.2025.<\/td>\n<\/tr>\n<tr style=\"height: 23px;\">\n<td style=\"width: 50%; text-align: center; height: 55px;\"><a href=\"https:\/\/ain.hr\/wp-content\/uploads\/2025\/09\/TRANSPARENTNOST-08-2025.ods\" target=\"_blank\" rel=\"noopener\" title=\"Izvje\u0161\u0107e za kolovoz 2025. godine\">Izvje\u0161\u0107e za kolovoz 2025. godine<\/a><\/td>\n<td style=\"width: 50%; text-align: center; height: 55px;\">11.9.2025.<\/td>\n<\/tr>\n<tr style=\"height: 23px;\">\n<td style=\"width: 50%; text-align: center; height: 23px;\"><a href=\"https:\/\/ain.hr\/wp-content\/uploads\/2025\/10\/TRANSPARENTNOST-09-2025.ods\" target=\"_blank\" rel=\"noopener\" title=\"Izvje\u0161\u0107e za rujan 2025. godine\">Izvje\u0161\u0107e za rujan 2025. godine<\/a><\/td>\n<td style=\"width: 50%; text-align: center; height: 23px;\">20.10.2025.<\/td>\n<\/tr>\n<tr style=\"height: 23px;\">\n<td style=\"width: 50%; text-align: center; height: 23px;\"><a href=\"https:\/\/ain.hr\/wp-content\/uploads\/2025\/11\/TRANSPARENTNOST-10-2025.ods\" target=\"_blank\" rel=\"noopener\" title=\"Izvje\u0161\u0107e za listopad 2025. godine\">Izvje\u0161\u0107e za listopad 2025. godine<\/a><\/td>\n<td style=\"width: 50%; text-align: center; height: 23px;\">11.11.2025.<\/td>\n<\/tr>\n<tr style=\"height: 23px;\">\n<td width=\"223\" style=\"font-weight: 400; width: 50%; text-align: center; height: 23px;\"><a href=\"https:\/\/ain.hr\/wp-content\/uploads\/2025\/12\/TRANSPARENTNOST-11-2025.ods\" target=\"_blank\" rel=\"noopener\" title=\"Izvje\u0161\u0107e za studeni 2025. godine\">Izvje\u0161\u0107e za studeni 2025. godine<\/a><\/td>\n<td style=\"width: 50%; text-align: center; height: 23px;\">8.12.2025.<\/td>\n<\/tr>\n<tr style=\"height: 23px;\">\n<td style=\"font-weight: 400; width: 50%; text-align: center; height: 23px;\"><a href=\"https:\/\/ain.hr\/wp-content\/uploads\/2026\/01\/TRANSPARENTNOST-12-2025.ods\" target=\"_blank\" rel=\"noopener\" title=\"Izvje\u0161\u0107e za prosinac 2025. godine\">Izvje\u0161\u0107e za prosinac 2025. godine<\/a><\/td>\n<td style=\"width: 50%; text-align: center; height: 23px;\">14.1.2026.<\/td>\n<\/tr>\n<tr style=\"height: 12px;\">\n<td style=\"font-weight: 400; width: 50%; text-align: center; height: 12px;\"><a href=\"https:\/\/ain.hr\/wp-content\/uploads\/2026\/02\/TRANSPARENTNOST-01-2026.ods\" target=\"_blank\" rel=\"noopener\" title=\"Izvje\u0161\u0107e za sije\u010danj 2026. godine\">Izvje\u0161\u0107e za sije\u010danj 2026. godine<\/a><\/td>\n<td style=\"width: 50%; text-align: center; height: 12px;\">5.2.2026.<\/td>\n<\/tr>\n<tr style=\"height: 24px;\">\n<td style=\"font-weight: 400; width: 50%; text-align: center; height: 24px;\"><a href=\"https:\/\/ain.hr\/wp-content\/uploads\/2026\/03\/TRANSPARENTNOST-02-2026.ods\" target=\"_blank\" rel=\"noopener\" title=\"Izvje\u0161\u0107e za velja\u010du 2026. godine\">Izvje\u0161\u0107e za velja\u010du 2026. godine<\/a><\/td>\n<td style=\"width: 50%; text-align: center; height: 24px;\">12.3.2026.<\/td>\n<\/tr>\n<tr style=\"height: 24px;\">\n<td style=\"font-weight: 400; width: 50%; text-align: center; height: 24px;\"><a href=\"https:\/\/ain.hr\/wp-content\/uploads\/2026\/04\/TRANSPARENTNOST-03-2026.ods\" target=\"_blank\" rel=\"noopener\" title=\"Izvje\u0161\u0107e za o\u017eujak 2026. godine\">Izvje\u0161\u0107e za o\u017eujak 2026. godine<\/a><\/td>\n<td style=\"width: 50%; text-align: center; height: 24px;\">2.4.2026.<\/td>\n<\/tr>\n<\/tbody>\n<\/table>\n<p>[\/et_pb_text][\/et_pb_column][et_pb_column type=&#8221;1_4&#8243; _builder_version=&#8221;4.19.4&#8243; _module_preset=&#8221;default&#8221; global_colors_info=&#8221;{}&#8221;][et_pb_sidebar orientation=&#8221;right&#8221; area=&#8221;et_pb_widget_area_3&#8243; show_border=&#8221;off&#8221; module_class=&#8221;onamaSidebarStyle&#8221; _builder_version=&#8221;4.19.4&#8243; _module_preset=&#8221;default&#8221; global_colors_info=&#8221;{}&#8221;][\/et_pb_sidebar][\/et_pb_column][\/et_pb_row][\/et_pb_section]<\/p>\n","protected":false},"excerpt":{"rendered":"<p>Transparentnost: &nbsp; LINK NA IZVJE\u0160\u0106E (ods\/excel) Datum objave Izvje\u0161\u0107e za sije\u010danj 2024. godine 19.02.2024. Izvje\u0161\u0107e za velja\u010du 2024. godine 19.03.2024. Izvje\u0161\u0107e za o\u017eujak 2024. godine 19.04.2024. Izvje\u0161\u0107e za travanj 2024. godine 17.05.2024. Izvje\u0161\u0107e za svibanj 2024. godine 17.06.2024. Izvje\u0161\u0107e za lipanj 2024. godine 19.07.2024. Izvje\u0161\u0107e za srpanj 2024. godine 09.08.2024. Izvje\u0161\u0107e za kolovoz 2024. godine [&hellip;]<\/p>\n","protected":false},"author":1,"featured_media":0,"parent":46,"menu_order":0,"comment_status":"closed","ping_status":"closed","template":"","meta":{"_et_pb_use_builder":"on","_et_pb_old_content":"","_et_gb_content_width":"","footnotes":""},"class_list":["post-5172","page","type-page","status-publish","hentry"],"_links":{"self":[{"href":"https:\/\/ain.hr\/en\/wp-json\/wp\/v2\/pages\/5172","targetHints":{"allow":["GET"]}}],"collection":[{"href":"https:\/\/ain.hr\/en\/wp-json\/wp\/v2\/pages"}],"about":[{"href":"https:\/\/ain.hr\/en\/wp-json\/wp\/v2\/types\/page"}],"author":[{"embeddable":true,"href":"https:\/\/ain.hr\/en\/wp-json\/wp\/v2\/users\/1"}],"replies":[{"embeddable":true,"href":"https:\/\/ain.hr\/en\/wp-json\/wp\/v2\/comments?post=5172"}],"version-history":[{"count":2,"href":"https:\/\/ain.hr\/en\/wp-json\/wp\/v2\/pages\/5172\/revisions"}],"predecessor-version":[{"id":8173,"href":"https:\/\/ain.hr\/en\/wp-json\/wp\/v2\/pages\/5172\/revisions\/8173"}],"up":[{"embeddable":true,"href":"https:\/\/ain.hr\/en\/wp-json\/wp\/v2\/pages\/46"}],"wp:attachment":[{"href":"https:\/\/ain.hr\/en\/wp-json\/wp\/v2\/media?parent=5172"}],"curies":[{"name":"wp","href":"https:\/\/api.w.org\/{rel}","templated":true}]}}